{"id":9804,"date":"2022-06-05T22:04:13","date_gmt":"2022-06-05T22:04:13","guid":{"rendered":"https:\/\/ifa.uv.cl\/ifa-2022\/?page_id=9804"},"modified":"2024-11-20T17:01:44","modified_gmt":"2024-11-20T20:01:44","slug":"job-offers","status":"publish","type":"page","link":"https:\/\/ifa.uv.cl\/en\/job-offers\/","title":{"rendered":"JOB OFFERS"},"content":{"rendered":"\t\t<div data-elementor-type=\"wp-page\" data-elementor-id=\"9804\" class=\"elementor elementor-9804\">\n\t\t\t\t\t\t\t\t\t<section class=\"elementor-section elementor-top-section elementor-element elementor-element-5699e932 elementor-section-boxed elementor-section-height-default elementor-section-height-default qodef-elementor-content-no\" data-id=\"5699e932\" data-element_type=\"section\">\n\t\t\t\t\t\t<div class=\"elementor-container elementor-column-gap-default\">\n\t\t\t\t\t<div class=\"elementor-column elementor-col-100 elementor-top-column elementor-element elementor-element-3d3aeaad\" data-id=\"3d3aeaad\" data-element_type=\"column\">\n\t\t\t<div class=\"elementor-widget-wrap elementor-element-populated\">\n\t\t\t\t\t\t\t\t<div class=\"elementor-element elementor-element-15103466 elementor-hidden-desktop elementor-hidden-tablet elementor-hidden-mobile elementor-widget elementor-widget-text-editor\" data-id=\"15103466\" data-element_type=\"widget\" data-widget_type=\"text-editor.default\">\n\t\t\t\t<div class=\"elementor-widget-container\">\n\t\t\t<style>\/*! elementor - v3.6.7 - 03-07-2022 *\/\n.elementor-widget-text-editor.elementor-drop-cap-view-stacked .elementor-drop-cap{background-color:#818a91;color:#fff}.elementor-widget-text-editor.elementor-drop-cap-view-framed .elementor-drop-cap{color:#818a91;border:3px solid;background-color:transparent}.elementor-widget-text-editor:not(.elementor-drop-cap-view-default) .elementor-drop-cap{margin-top:8px}.elementor-widget-text-editor:not(.elementor-drop-cap-view-default) .elementor-drop-cap-letter{width:1em;height:1em}.elementor-widget-text-editor .elementor-drop-cap{float:left;text-align:center;line-height:1;font-size:50px}.elementor-widget-text-editor .elementor-drop-cap-letter{display:inline-block}<\/style>\t\t\t\t<p style=\"text-align: left;\"><a href=\"https:\/\/ifa.uv.cl\/en\/inicio\/\" target=\"_blank\" rel=\"noopener\">The Institute of Physics and Astronomy (IFA)<\/a> at Universidad de Valpara\u00edso, Chile, is welcoming applications for postdoctoral grants. After an initial evaluation, selected applicants will be sponsored by their preferred faculty member to apply for 3-year <a href=\"https:\/\/www.anid.cl\/concursos\/concurso\/?id=1071\" target=\"_blank\" rel=\"noopener\">FONDECYT<\/a>\u00a0 postdoctoral positions. These fellowships include a competitive salary and individually managed funding for travel, publications, equipment and health insurance.<\/p>\n<p style=\"text-align: left;\">Postdocs at IFA will have guaranteed access to exciting new datasets, like the<a href=\"https:\/\/www.sdss.org\/future\/\" target=\"_blank\" rel=\"noopener\"> SDSS-V Milky Way, Black Hole and Local Volume Mappers,<\/a> that began operations in late 2020. Postdocs can also apply as PI to all professional observatories operating in Chile, including ALMA, ESO, Gemini-S and Magellan telescopes and are encouraged to lead their own projects and\/or join ongoing efforts, according to their preference.\u00a0<\/p>\n<p style=\"text-align: left;\">The IFA at Universidad de Valpara\u00edso is located in the seaport City of Valpara\u00edso, a<a href=\"https:\/\/whc.unesco.org\/en\/list\/959\/\" target=\"_blank\" rel=\"noopener\"> UNESCO World Heritage Site<\/a>. We are committed to maintain a diverse and inclusive work environment, which currently hosts 20 faculty members, 10 postdocs and 28 graduate students.\u00a0<\/p>\n<p style=\"text-align: left;\">We are searching for postdoctoral candidates in the fields of stellar, galactic and extragalactic astrophysics, computational astrophysics, astrostatistics, astrometeorology, theoretical physics and cosmology. Details of our research areas and related<a href=\"https:\/\/ifa.uv.cl\/en\/about-us\/academic-staff\/\" target=\"_blank\" rel=\"noopener\"> faculty members<\/a> can be found<a href=\"https:\/\/ifa.uv.cl\/en\/research-areas\/\" target=\"_blank\" rel=\"noopener\"> here<\/a> and<a href=\"https:\/\/ifa.uv.cl\/en\/research-centers-and-associations\/\" target=\"_blank\" rel=\"noopener\"> here<\/a>.<\/p>\n<p style=\"text-align: left;\">The application deadline for FONDECYT fellowships is April 28, 2022, the applications requires considerable effort so please contact a potential sponsor as soon as possible to start the process.<\/p>\n<p style=\"text-align: left;\">FONDECYT fellowships only accept applications from recent PhD recipients (graduated between January 2019 and\u00a0 August 31st, 2022). This period is extended backward by one year per child, for women who had children after January 2019. FONDECYT fellowships are anticipated to start in April 2023.\u00a0\u00a0<br \/>If you would like to be contacted by our faculty members to apply for sponsorship, please fill this<a href=\"https:\/\/form.jotform.com\/202165833578663\" target=\"_blank\" rel=\"noopener\"> form<\/a>.<\/p>\n<p><style>@font-face\n\t{font-family:\"Cambria Math\";\n\tpanose-1:2 4 5 3 5 4 6 3 2 4;\n\tmso-font-alt:\"Cambria Math\";\n\tmso-font-charset:0;\n\tmso-generic-font-family:roman;\n\tmso-font-pitch:variable;\n\tmso-font-signature:-536869121 1107305727 33554432 0 415 0;}@font-face\n\t{font-family:Calibri;\n\tpanose-1:2 15 5 2 2 2 4 3 2 4;\n\tmso-font-charset:0;\n\tmso-generic-font-family:swiss;\n\tmso-font-pitch:variable;\n\tmso-font-signature:-469750017 -1073732485 9 0 511 0;}p.MsoNormal, li.MsoNormal, div.MsoNormal\n\t{mso-style-unhide:no;\n\tmso-style-qformat:yes;\n\tmso-style-parent:\"\";\n\tmargin:0cm;\n\tmso-pagination:widow-orphan;\n\tfont-size:12.0pt;\n\tfont-family:\"Calibri\",sans-serif;\n\tmso-ascii-font-family:Calibri;\n\tmso-ascii-theme-font:minor-latin;\n\tmso-fareast-font-family:Calibri;\n\tmso-fareast-theme-font:minor-latin;\n\tmso-hansi-font-family:Calibri;\n\tmso-hansi-theme-font:minor-latin;\n\tmso-bidi-font-family:\"Times New Roman\";\n\tmso-bidi-theme-font:minor-bidi;}.MsoChpDefault\n\t{mso-style-type:export-only;\n\tmso-default-props:yes;\n\tfont-family:\"Calibri\",sans-serif;\n\tmso-ascii-font-family:Calibri;\n\tmso-ascii-theme-font:minor-latin;\n\tmso-fareast-font-family:Calibri;\n\tmso-fareast-theme-font:minor-latin;\n\tmso-hansi-font-family:Calibri;\n\tmso-hansi-theme-font:minor-latin;\n\tmso-bidi-font-family:\"Times New Roman\";\n\tmso-bidi-theme-font:minor-bidi;}div.WordSection1\n\t{page:WordSection1;}<\/style><\/p>\n<p><!-- wp:paragraph {\"align\":\"center\"} --><!-- \/wp:paragraph --><\/p>\t\t\t\t\t\t<\/div>\n\t\t\t\t<\/div>\n\t\t\t\t<div class=\"elementor-element elementor-element-348f45d elementor-widget elementor-widget-heading\" data-id=\"348f45d\" data-element_type=\"widget\" data-widget_type=\"heading.default\">\n\t\t\t\t<div class=\"elementor-widget-container\">\n\t\t\t<style>\/*! elementor - v3.6.7 - 03-07-2022 *\/\n.elementor-heading-title{padding:0;margin:0;line-height:1}.elementor-widget-heading .elementor-heading-title[class*=elementor-size-]>a{color:inherit;font-size:inherit;line-height:inherit}.elementor-widget-heading .elementor-heading-title.elementor-size-small{font-size:15px}.elementor-widget-heading .elementor-heading-title.elementor-size-medium{font-size:19px}.elementor-widget-heading .elementor-heading-title.elementor-size-large{font-size:29px}.elementor-widget-heading .elementor-heading-title.elementor-size-xl{font-size:39px}.elementor-widget-heading .elementor-heading-title.elementor-size-xxl{font-size:59px}<\/style><h2 class=\"elementor-heading-title elementor-size-xl\">Job Offers<\/h2>\t\t<\/div>\n\t\t\t\t<\/div>\n\t\t\t\t\t<\/div>\n\t\t<\/div>\n\t\t\t\t\t\t\t<\/div>\n\t\t<\/section>\n\t\t\t\t<section class=\"elementor-section elementor-top-section elementor-element elementor-element-2b89fd7 elementor-section-boxed elementor-section-height-default elementor-section-height-default qodef-elementor-content-no\" data-id=\"2b89fd7\" data-element_type=\"section\">\n\t\t\t\t\t\t<div class=\"elementor-container elementor-column-gap-default\">\n\t\t\t\t\t<div class=\"elementor-column elementor-col-100 elementor-top-column elementor-element elementor-element-3ba7d68\" data-id=\"3ba7d68\" data-element_type=\"column\">\n\t\t\t<div class=\"elementor-widget-wrap elementor-element-populated\">\n\t\t\t\t\t\t\t\t<div class=\"elementor-element elementor-element-8831f4f elementor-grid-eael-col-4 elementor-grid-tablet-eael-col-2 elementor-grid-mobile-eael-col-1 elementor-widget elementor-widget-eael-post-grid\" data-id=\"8831f4f\" data-element_type=\"widget\" data-settings=\"{&quot;eael_post_grid_columns&quot;:&quot;eael-col-4&quot;,&quot;eael_post_grid_columns_tablet&quot;:&quot;eael-col-2&quot;,&quot;eael_post_grid_columns_mobile&quot;:&quot;eael-col-1&quot;}\" data-widget_type=\"eael-post-grid.default\">\n\t\t\t\t<div class=\"elementor-widget-container\">\n\t\t\t<div id=\"eael-post-grid-8831f4f\" class=\"eael-post-grid-container\">\n            <div class=\"eael-post-grid eael-post-appender eael-post-appender-8831f4f eael-post-grid-style-default\" data-layout-mode=\"masonry\"><article class=\"eael-grid-post eael-post-grid-column\" data-id=\"20215\">\n        <div class=\"eael-grid-post-holder\">\n            <div class=\"eael-grid-post-holder-inner\"><div class=\"eael-entry-wrapper\"><header class=\"eael-entry-header\"><h2 class=\"eael-entry-title\"><a\n                        class=\"eael-grid-post-link\"\n                        href=\"https:\/\/ifa.uv.cl\/en\/oferta-laboral\/concurso-dos-cargos-academicosas-instituto-de-fisica-y-astronomia-gr-doctor-a-facultad-de-ciencias-plan-de-fortalecimiento-al-cuerpo-academico-2025\/\"\n                        title=\"Concurso dos cargos acad\u00e9micos(as) Instituto de F\u00edsica y Astronom\u00eda Gr. Doctor\/a\">Concurso dos cargos acad\u00e9micos(as) Instituto de F\u00edsica y Astronom\u00eda Gr. Doctor\/a<\/a><\/h2><\/header><div class=\"eael-entry-meta\"><span class=\"eael-posted-on\"><time datetime=\"December 17, 2024\">December 17, 2024<\/time><\/span><\/div><div class=\"eael-entry-content\">\n                        <div class=\"eael-grid-post-excerpt\"><p>Las consultas se recibir\u00e1n en el correo electr\u00f3nico concursos@uv.cl. donde deber\u00e1 indicar el c\u00f3digo de concurso por el cual consulta.\r\n\r\nPostula hasta las 23:59 horas del lunes 27 de enero de 2025 a trav\u00e9s del siguiente formulario de postulaci\u00f3n<\/p><a\n                            href=\"https:\/\/ifa.uv.cl\/en\/oferta-laboral\/concurso-dos-cargos-academicosas-instituto-de-fisica-y-astronomia-gr-doctor-a-facultad-de-ciencias-plan-de-fortalecimiento-al-cuerpo-academico-2025\/\"\n                            class=\"eael-post-elements-readmore-btn\">Leer m\u00e1s<\/a><\/div>\n                    <\/div><\/div><\/div>\n        <\/div>\n    <\/article><article class=\"eael-grid-post eael-post-grid-column\" data-id=\"19915\">\n        <div class=\"eael-grid-post-holder\">\n            <div class=\"eael-grid-post-holder-inner\"><div class=\"eael-entry-wrapper\"><header class=\"eael-entry-header\"><h2 class=\"eael-entry-title\"><a\n                        class=\"eael-grid-post-link\"\n                        href=\"https:\/\/ifa.uv.cl\/en\/oferta-laboral\/postdoctoral-position-in-pre-main-sequence-variable-stars\/\"\n                        title=\"Postdoctoral Position in Pre-Main-Sequence Variable Stars\">Postdoctoral Position in Pre-Main-Sequence Variable Stars<\/a><\/h2><\/header><div class=\"eael-entry-meta\"><span class=\"eael-posted-on\"><time datetime=\"November 20, 2024\">November 20, 2024<\/time><\/span><\/div><div class=\"eael-entry-content\">\n                        <div class=\"eael-grid-post-excerpt\"><p>Postdoctoral Position in Pre-Main-Sequence Variable Stars Category: Post-doctoral Positions and Fellowships Institution: Universidad de Valpara\u00edso Department: Instituto de F\u00edsica y Astronom\u00eda Number of Positions Available: 1 Work Arrangement: In person Job Description The Institute for Physics and Astronomy of the Universidad de Valpara\u00edso (IFA-UV, Chile) invites applications for a postdoc position to work with Prof. [&hellip;]<\/p><a\n                            href=\"https:\/\/ifa.uv.cl\/en\/oferta-laboral\/postdoctoral-position-in-pre-main-sequence-variable-stars\/\"\n                            class=\"eael-post-elements-readmore-btn\">Leer m\u00e1s<\/a><\/div>\n                    <\/div><\/div><\/div>\n        <\/div>\n    <\/article><\/div>\n            <div class=\"clearfix\"><\/div>\n        <\/div>\t\t<\/div>\n\t\t\t\t<\/div>\n\t\t\t\t\t<\/div>\n\t\t<\/div>\n\t\t\t\t\t\t\t<\/div>\n\t\t<\/section>\n\t\t\t\t\t\t\t<\/div>\n\t\t","protected":false},"excerpt":{"rendered":"<p>The Institute of Physics and Astronomy (IFA) at Universidad de Valpara\u00edso, Chile, is welcoming applications for postdoctoral grants. After an initial evaluation, selected applicants will be sponsored by their preferred faculty member to apply for 3-year FONDECYT\u00a0 postdoctoral positions. These fellowships include a competitive salary and individually managed funding for travel, publications, equipment and health [&hellip;]<\/p>\n","protected":false},"author":3,"featured_media":7351,"parent":0,"menu_order":0,"comment_status":"closed","ping_status":"closed","template":"","meta":{"footnotes":""},"categories":[107],"tags":[],"class_list":["post-9804","page","type-page","status-publish","has-post-thumbnail","hentry","category-uncategorized"],"_links":{"self":[{"href":"https:\/\/ifa.uv.cl\/en\/wp-json\/wp\/v2\/pages\/9804","targetHints":{"allow":["GET"]}}],"collection":[{"href":"https:\/\/ifa.uv.cl\/en\/wp-json\/wp\/v2\/pages"}],"about":[{"href":"https:\/\/ifa.uv.cl\/en\/wp-json\/wp\/v2\/types\/page"}],"author":[{"embeddable":true,"href":"https:\/\/ifa.uv.cl\/en\/wp-json\/wp\/v2\/users\/3"}],"replies":[{"embeddable":true,"href":"https:\/\/ifa.uv.cl\/en\/wp-json\/wp\/v2\/comments?post=9804"}],"version-history":[{"count":17,"href":"https:\/\/ifa.uv.cl\/en\/wp-json\/wp\/v2\/pages\/9804\/revisions"}],"predecessor-version":[{"id":19927,"href":"https:\/\/ifa.uv.cl\/en\/wp-json\/wp\/v2\/pages\/9804\/revisions\/19927"}],"wp:featuredmedia":[{"embeddable":true,"href":"https:\/\/ifa.uv.cl\/en\/wp-json\/wp\/v2\/media\/7351"}],"wp:attachment":[{"href":"https:\/\/ifa.uv.cl\/en\/wp-json\/wp\/v2\/media?parent=9804"}],"wp:term":[{"taxonomy":"category","embeddable":true,"href":"https:\/\/ifa.uv.cl\/en\/wp-json\/wp\/v2\/categories?post=9804"},{"taxonomy":"post_tag","embeddable":true,"href":"https:\/\/ifa.uv.cl\/en\/wp-json\/wp\/v2\/tags?post=9804"}],"curies":[{"name":"wp","href":"https:\/\/api.w.org\/{rel}","templated":true}]}}