{"id":9694,"date":"2022-06-02T22:32:06","date_gmt":"2022-06-02T22:32:06","guid":{"rendered":"https:\/\/ifa.uv.cl\/ifa-2022\/?page_id=9694"},"modified":"2025-10-16T14:51:30","modified_gmt":"2025-10-16T17:51:30","slug":"contact","status":"publish","type":"page","link":"https:\/\/ifa.uv.cl\/en\/contact\/","title":{"rendered":"Contact"},"content":{"rendered":"\t\t<div data-elementor-type=\"wp-page\" data-elementor-id=\"9694\" class=\"elementor elementor-9694\">\n\t\t\t\t\t\t\t\t\t<section class=\"elementor-section elementor-top-section elementor-element elementor-element-91c680d qodef-elementor-content-grid elementor-section-boxed elementor-section-height-default elementor-section-height-default\" data-id=\"91c680d\" data-element_type=\"section\" data-settings=\"{&quot;background_background&quot;:&quot;classic&quot;}\">\n\t\t\t\t\t\t<div class=\"elementor-container elementor-column-gap-default\">\n\t\t\t\t\t<div class=\"elementor-column elementor-col-50 elementor-top-column elementor-element elementor-element-9f216da\" data-id=\"9f216da\" data-element_type=\"column\">\n\t\t\t<div class=\"elementor-widget-wrap elementor-element-populated\">\n\t\t\t\t\t\t\t\t<div class=\"elementor-element elementor-element-b73b7f1 elementor-widget elementor-widget-shortcode\" data-id=\"b73b7f1\" data-element_type=\"widget\" data-widget_type=\"shortcode.default\">\n\t\t\t\t<div class=\"elementor-widget-container\">\n\t\t\t\t\t<div class=\"elementor-shortcode\"><div class='fluentform fluentform_wrapper_1'><form data-form_id=\"1\" id=\"fluentform_1\" class=\"frm-fluent-form fluent_form_1 ff-el-form-top ff_form_instance_1_1 ff-form-loading\" data-form_instance=\"ff_form_instance_1_1\" method=\"POST\" >        <span style=\"display: none !important;\"><input type=\"checkbox\" name=\"item__1__fluent_checkme_\" value=\"1\"\n               style=\"display:none !important;\" tabindex=\"-1\"><\/span>\n        <input type='hidden' name='__fluent_form_embded_post_id' value='9694' \/><input type=\"hidden\" id=\"_fluentform_1_fluentformnonce\" name=\"_fluentform_1_fluentformnonce\" value=\"ed14215c6d\" \/><input type=\"hidden\" name=\"_wp_http_referer\" value=\"\/en\/wp-json\/wp\/v2\/pages\/9694\" \/><div data-type=\"name-element\" data-name=\"names\" class=\" ff-field_container ff-name-field-wrapper\" ><div class='ff-t-container'><div class='ff-t-cell '><div class='ff-el-group'><div class='ff-el-input--label asterisk-right'><label for='ff_1_names_first_name_'>Nombre<\/label> <\/div><div class='ff-el-input--content'><input type=\"text\" name=\"names[first_name]\" id=\"ff_1_names_first_name_\" class=\"ff-el-form-control\" ><\/div><\/div><\/div><\/div><\/div><div class='ff-el-group'><div class='ff-el-input--label ff-el-is-required asterisk-right'><label for='ff_1_email'>Correo electr\u00f3nico<\/label> <\/div><div class='ff-el-input--content'><input type=\"email\" name=\"email\" id=\"ff_1_email\" class=\"ff-el-form-control\" data-name=\"email\" ><\/div><\/div><div class='ff-el-group'><div class='ff-el-input--label ff-el-is-required asterisk-right'><label for='ff_1_message'>Mensaje<\/label> <\/div><div class='ff-el-input--content'><textarea name=\"message\" id=\"ff_1_message\" class=\"ff-el-form-control\" rows=\"4\" cols=\"2\" data-name=\"message\" ><\/textarea><\/div><\/div><div class='ff-el-group' data-name=\"hcaptcha\" ><div class='ff-el-input--content'><div data-fluent_id='1' name='h-captcha-response'><div\n\t\tdata-sitekey='d7faa213-e75d-465e-986d-7573f3522326'\n\t\tid='fluentform-hcaptcha-1'\n\t\tclass='ff-el-hcaptcha h-captcha'><\/div><\/div><\/div><\/div><div class='ff-el-group ff-text-left ff_submit_btn_wrapper'><button type=\"submit\" class=\"ff-btn ff-btn-submit ff-btn-md ff_btn_style\" >Enviar<\/button><\/div><\/form><div id='fluentform_1_errors' class='ff-errors-in-stack ff_form_instance_1_1 ff-form-loading_errors ff_form_instance_1_1_errors'><\/div><\/div>        <script type=\"text\/javascript\">\n            window.fluent_form_ff_form_instance_1_1 = {\"id\":\"1\",\"settings\":{\"layout\":{\"labelPlacement\":\"top\",\"helpMessagePlacement\":\"with_label\",\"errorMessagePlacement\":\"inline\",\"cssClassName\":\"\",\"asteriskPlacement\":\"asterisk-right\"},\"restrictions\":{\"denyEmptySubmission\":{\"enabled\":false}}},\"form_instance\":\"ff_form_instance_1_1\",\"form_id_selector\":\"fluentform_1\",\"rules\":{\"names[first_name]\":{\"required\":{\"value\":false,\"message\":\"This field is required\"}},\"names[middle_name]\":{\"required\":{\"value\":false,\"message\":\"This field is required\"}},\"names[last_name]\":{\"required\":{\"value\":false,\"message\":\"This field is required\"}},\"email\":{\"required\":{\"value\":true,\"message\":\"This field is required\"},\"email\":{\"value\":true,\"message\":\"This field must contain a valid email\"}},\"message\":{\"required\":{\"value\":true,\"message\":\"This field is required\"}},\"hcaptcha\":[]}};\n                    <\/script>\n        <\/div>\n\t\t\t\t<\/div>\n\t\t\t\t<\/div>\n\t\t\t\t\t<\/div>\n\t\t<\/div>\n\t\t\t\t<div class=\"elementor-column elementor-col-50 elementor-top-column elementor-element elementor-element-10557c3\" data-id=\"10557c3\" data-element_type=\"column\">\n\t\t\t<div class=\"elementor-widget-wrap elementor-element-populated\">\n\t\t\t\t\t\t\t\t<div class=\"elementor-element elementor-element-641bfab elementor-widget elementor-widget-google_maps\" data-id=\"641bfab\" data-element_type=\"widget\" data-widget_type=\"google_maps.default\">\n\t\t\t\t<div class=\"elementor-widget-container\">\n\t\t\t<style>\/*! elementor - v3.6.7 - 03-07-2022 *\/\n.elementor-widget-google_maps .elementor-widget-container{overflow:hidden}.elementor-widget-google_maps iframe{height:300px}<\/style>\t\t<div class=\"elementor-custom-embed\">\n\t\t\t<iframe frameborder=\"0\" scrolling=\"no\" marginheight=\"0\" marginwidth=\"0\"\n\t\t\t\t\tsrc=\"https:\/\/maps.google.com\/maps?q=avenida%20gran%20breta%C3%B1a%201111%20valpara%C3%ADso&#038;t=m&#038;z=17&#038;output=embed&#038;iwloc=near\"\n\t\t\t\t\ttitle=\"avenida gran breta\u00f1a 1111 valpara\u00edso\"\n\t\t\t\t\taria-label=\"avenida gran breta\u00f1a 1111 valpara\u00edso\"\n\t\t\t><\/iframe>\n\t\t<\/div>\n\t\t\t\t<\/div>\n\t\t\t\t<\/div>\n\t\t\t\t<div class=\"elementor-element elementor-element-9530668 elementor-widget elementor-widget-text-editor\" data-id=\"9530668\" data-element_type=\"widget\" data-widget_type=\"text-editor.default\">\n\t\t\t\t<div class=\"elementor-widget-container\">\n\t\t\t<style>\/*! elementor - v3.6.7 - 03-07-2022 *\/\n.elementor-widget-text-editor.elementor-drop-cap-view-stacked .elementor-drop-cap{background-color:#818a91;color:#fff}.elementor-widget-text-editor.elementor-drop-cap-view-framed .elementor-drop-cap{color:#818a91;border:3px solid;background-color:transparent}.elementor-widget-text-editor:not(.elementor-drop-cap-view-default) .elementor-drop-cap{margin-top:8px}.elementor-widget-text-editor:not(.elementor-drop-cap-view-default) .elementor-drop-cap-letter{width:1em;height:1em}.elementor-widget-text-editor .elementor-drop-cap{float:left;text-align:center;line-height:1;font-size:50px}.elementor-widget-text-editor .elementor-drop-cap-letter{display:inline-block}<\/style>\t\t\t\t<p><strong>Instituto de F\u00edsica y Astronom\u00eda<\/strong><br \/>Facultad de Ciencias<br \/>Gran Breta\u00f1a 1111<br \/>Playa Ancha, Valpara\u00edso, Chile.<\/p>\t\t\t\t\t\t<\/div>\n\t\t\t\t<\/div>\n\t\t\t\t\t<\/div>\n\t\t<\/div>\n\t\t\t\t\t\t\t<\/div>\n\t\t<\/section>\n\t\t\t\t<section class=\"elementor-section elementor-top-section elementor-element elementor-element-d38512d elementor-section-boxed elementor-section-height-default elementor-section-height-default qodef-elementor-content-no\" data-id=\"d38512d\" data-element_type=\"section\">\n\t\t\t\t\t\t<div class=\"elementor-container elementor-column-gap-default\">\n\t\t\t\t\t<div class=\"elementor-column elementor-col-100 elementor-top-column elementor-element elementor-element-ad5f6b6\" data-id=\"ad5f6b6\" data-element_type=\"column\">\n\t\t\t<div class=\"elementor-widget-wrap elementor-element-populated\">\n\t\t\t\t\t\t\t\t<div class=\"elementor-element elementor-element-63efc9e elementor-widget elementor-widget-text-editor\" data-id=\"63efc9e\" data-element_type=\"widget\" data-widget_type=\"text-editor.default\">\n\t\t\t\t<div class=\"elementor-widget-container\">\n\t\t\t\t\t\t\t<p style=\"padding-left: 40px; background-color: rgb(255, 255, 255);\"><span style=\"font-weight: bolder;\">Director del Instituto<\/span>: Jos\u00e9 Villanueva L. (direccion.ifa@uv.cl)<\/p><p style=\"padding-left: 40px; background-color: rgb(255, 255, 255);\"><span style=\"background-color: rgb(255, 255, 255); font-weight: bolder;\">Jefe de Carrera<\/span><span style=\"background-color: rgb(255, 255, 255);\">: Iv\u00e1n Gonz\u00e1lez G. (jefatura.lfis.ifa@uv.cl)<\/span><\/p><p style=\"padding-left: 40px; background-color: rgb(255, 255, 255);\"><span style=\"font-weight: bolder;\">Directora del Mag\u00edster y Doctorado en Astrofisica<\/span>: M\u00f3nica Zorotovic F. (postgrado.astrofisica@uv.cl)<\/p><p style=\"padding-left: 40px; background-color: rgb(255, 255, 255);\"><span style=\"font-weight: bolder;\">Director del Doctorado en Ciencias menci\u00f3n F\u00edsica<\/span>: Graeme Candlish (postgrado.fisica@uv.cl)<\/p>\t\t\t\t\t\t<\/div>\n\t\t\t\t<\/div>\n\t\t\t\t\t<\/div>\n\t\t<\/div>\n\t\t\t\t\t\t\t<\/div>\n\t\t<\/section>\n\t\t\t\t\t\t\t<\/div>\n\t\t","protected":false},"excerpt":{"rendered":"<p>Instituto de F\u00edsica y Astronom\u00edaFacultad de CienciasGran Breta\u00f1a 1111Playa Ancha, Valpara\u00edso, Chile. Director del Instituto: Jos\u00e9 Villanueva L. (direccion.ifa@uv.cl) Jefe de Carrera: Iv\u00e1n Gonz\u00e1lez G. (jefatura.lfis.ifa@uv.cl) Directora del Mag\u00edster y Doctorado en Astrofisica: M\u00f3nica Zorotovic F. (postgrado.astrofisica@uv.cl) Director del Doctorado en Ciencias menci\u00f3n F\u00edsica: Graeme Candlish (postgrado.fisica@uv.cl)<\/p>\n","protected":false},"author":3,"featured_media":0,"parent":0,"menu_order":0,"comment_status":"closed","ping_status":"closed","template":"page-full-width.php","meta":{"footnotes":""},"categories":[],"tags":[],"class_list":["post-9694","page","type-page","status-publish","hentry"],"_links":{"self":[{"href":"https:\/\/ifa.uv.cl\/en\/wp-json\/wp\/v2\/pages\/9694","targetHints":{"allow":["GET"]}}],"collection":[{"href":"https:\/\/ifa.uv.cl\/en\/wp-json\/wp\/v2\/pages"}],"about":[{"href":"https:\/\/ifa.uv.cl\/en\/wp-json\/wp\/v2\/types\/page"}],"author":[{"embeddable":true,"href":"https:\/\/ifa.uv.cl\/en\/wp-json\/wp\/v2\/users\/3"}],"replies":[{"embeddable":true,"href":"https:\/\/ifa.uv.cl\/en\/wp-json\/wp\/v2\/comments?post=9694"}],"version-history":[{"count":18,"href":"https:\/\/ifa.uv.cl\/en\/wp-json\/wp\/v2\/pages\/9694\/revisions"}],"predecessor-version":[{"id":21763,"href":"https:\/\/ifa.uv.cl\/en\/wp-json\/wp\/v2\/pages\/9694\/revisions\/21763"}],"wp:attachment":[{"href":"https:\/\/ifa.uv.cl\/en\/wp-json\/wp\/v2\/media?parent=9694"}],"wp:term":[{"taxonomy":"category","embeddable":true,"href":"https:\/\/ifa.uv.cl\/en\/wp-json\/wp\/v2\/categories?post=9694"},{"taxonomy":"post_tag","embeddable":true,"href":"https:\/\/ifa.uv.cl\/en\/wp-json\/wp\/v2\/tags?post=9694"}],"curies":[{"name":"wp","href":"https:\/\/api.w.org\/{rel}","templated":true}]}}