{"id":9687,"date":"2022-06-02T22:26:10","date_gmt":"2022-06-02T22:26:10","guid":{"rendered":"https:\/\/ifa.uv.cl\/ifa-2022\/?page_id=9687"},"modified":"2022-12-28T18:45:28","modified_gmt":"2022-12-28T18:45:28","slug":"proyectos-colaborativos-de-difusion","status":"publish","type":"page","link":"https:\/\/ifa.uv.cl\/en\/proyectos-colaborativos-de-difusion\/","title":{"rendered":"Collaborative projects of outreach"},"content":{"rendered":"\t\t<div data-elementor-type=\"wp-page\" data-elementor-id=\"9687\" class=\"elementor elementor-9687\">\n\t\t\t\t\t\t\t\t\t<section class=\"elementor-section elementor-top-section elementor-element elementor-element-8a1ba51 elementor-section-boxed elementor-section-height-default elementor-section-height-default qodef-elementor-content-no\" data-id=\"8a1ba51\" data-element_type=\"section\" data-settings=\"{&quot;background_background&quot;:&quot;classic&quot;}\">\n\t\t\t\t\t\t<div class=\"elementor-container elementor-column-gap-default\">\n\t\t\t\t\t<div class=\"elementor-column elementor-col-100 elementor-top-column elementor-element elementor-element-4fc180e\" data-id=\"4fc180e\" data-element_type=\"column\">\n\t\t\t<div class=\"elementor-widget-wrap elementor-element-populated\">\n\t\t\t\t\t\t\t\t\t<\/div>\n\t\t<\/div>\n\t\t\t\t\t\t\t<\/div>\n\t\t<\/section>\n\t\t\t\t<section class=\"elementor-section elementor-top-section elementor-element elementor-element-91c680d qodef-elementor-content-grid elementor-section-boxed elementor-section-height-default elementor-section-height-default\" data-id=\"91c680d\" data-element_type=\"section\" data-settings=\"{&quot;background_background&quot;:&quot;classic&quot;}\">\n\t\t\t\t\t\t<div class=\"elementor-container elementor-column-gap-default\">\n\t\t\t\t\t<div class=\"elementor-column elementor-col-50 elementor-top-column elementor-element elementor-element-9f216da\" data-id=\"9f216da\" data-element_type=\"column\">\n\t\t\t<div class=\"elementor-widget-wrap elementor-element-populated\">\n\t\t\t\t\t\t\t\t<div class=\"elementor-element elementor-element-9b0538e elementor-widget elementor-widget-image\" data-id=\"9b0538e\" data-element_type=\"widget\" data-widget_type=\"image.default\">\n\t\t\t\t<div class=\"elementor-widget-container\">\n\t\t\t<style>\/*! elementor - v3.6.7 - 03-07-2022 *\/\n.elementor-widget-image{text-align:center}.elementor-widget-image a{display:inline-block}.elementor-widget-image a img[src$=\".svg\"]{width:48px}.elementor-widget-image img{vertical-align:middle;display:inline-block}<\/style>\t\t\t\t\t\t\t\t\t\t\t\t<img loading=\"lazy\" decoding=\"async\" width=\"900\" height=\"359\" src=\"https:\/\/ifa.uv.cl\/wp-content\/uploads\/2022\/12\/valpo-portada-1.jpg\" class=\"attachment-large size-large\" alt=\"\" srcset=\"https:\/\/ifa.uv.cl\/wp-content\/uploads\/2022\/12\/valpo-portada-1.jpg 900w, https:\/\/ifa.uv.cl\/wp-content\/uploads\/2022\/12\/valpo-portada-1-300x120.jpg 300w, https:\/\/ifa.uv.cl\/wp-content\/uploads\/2022\/12\/valpo-portada-1-768x306.jpg 768w\" sizes=\"auto, (max-width: 900px) 100vw, 900px\" \/>\t\t\t\t\t\t\t\t\t\t\t\t\t\t\t<\/div>\n\t\t\t\t<\/div>\n\t\t\t\t\t<\/div>\n\t\t<\/div>\n\t\t\t\t<div class=\"elementor-column elementor-col-50 elementor-top-column elementor-element elementor-element-10557c3\" data-id=\"10557c3\" data-element_type=\"column\">\n\t\t\t<div class=\"elementor-widget-wrap elementor-element-populated\">\n\t\t\t\t\t\t\t\t<div class=\"elementor-element elementor-element-197c768 elementor-widget elementor-widget-borgholm_core_section_title\" data-id=\"197c768\" data-element_type=\"widget\" data-widget_type=\"borgholm_core_section_title.default\">\n\t\t\t\t<div class=\"elementor-widget-container\">\n\t\t\t<div class=\"qodef-shortcode qodef-m  qodef-section-title qodef-alignment--left   qodef-animate-special-style\">\n\t\t\t<h3 class=\"qodef-m-title\" >\n\t\t\t\t\tMuseo Juan Mouat <span class=\"qodef-special-style\">(spanish)<\/span>\t\t\t<\/h3>\n\t\t<\/div>\t\t<\/div>\n\t\t\t\t<\/div>\n\t\t\t\t<div class=\"elementor-element elementor-element-14e699c elementor-widget elementor-widget-text-editor\" data-id=\"14e699c\" data-element_type=\"widget\" data-widget_type=\"text-editor.default\">\n\t\t\t\t<div class=\"elementor-widget-container\">\n\t\t\t<style>\/*! elementor - v3.6.7 - 03-07-2022 *\/\n.elementor-widget-text-editor.elementor-drop-cap-view-stacked .elementor-drop-cap{background-color:#818a91;color:#fff}.elementor-widget-text-editor.elementor-drop-cap-view-framed .elementor-drop-cap{color:#818a91;border:3px solid;background-color:transparent}.elementor-widget-text-editor:not(.elementor-drop-cap-view-default) .elementor-drop-cap{margin-top:8px}.elementor-widget-text-editor:not(.elementor-drop-cap-view-default) .elementor-drop-cap-letter{width:1em;height:1em}.elementor-widget-text-editor .elementor-drop-cap{float:left;text-align:center;line-height:1;font-size:50px}.elementor-widget-text-editor .elementor-drop-cap-letter{display:inline-block}<\/style>\t\t\t\t<p>Juan Mouat era un empresario, ingeniero y amante de la Astronom\u00eda, de origen escoc\u00e9s del siglo XIX.\u00a0 La casa de Mouat est\u00e1 declarada Monumento Hist\u00f3rico Nacional desde 1962 y los \u00faltimos a\u00f1os funcion\u00f3 como Museo del Mar o mejor conocido como Museo Lord Cochrane. Hoy existe un proyecto de reconstrucci\u00f3n del inmueble original que es la m\u00e1s antigua de Valpara\u00edso y que alberg\u00f3 el primer espacio de observaci\u00f3n astron\u00f3mica.<\/p><p>El acad\u00e9mico del IFA, Eduardo Ibar, est\u00e1 involucrado en la recuperaci\u00f3n de la historia del primer observatorio en Valpara\u00edso. El proyecto se llama &#8220;<i>A Virtual Museum of Time: The history of astronomy at the Region of Valparaiso<\/i>&#8221; y fue financiado por el fondo ESO-COMIT\u00c9 MIXTO.<\/p>\t\t\t\t\t\t<\/div>\n\t\t\t\t<\/div>\n\t\t\t\t\t<\/div>\n\t\t<\/div>\n\t\t\t\t\t\t\t<\/div>\n\t\t<\/section>\n\t\t\t\t<section class=\"elementor-section elementor-top-section elementor-element elementor-element-98a7f18 qodef-elementor-content-grid elementor-section-boxed elementor-section-height-default elementor-section-height-default\" data-id=\"98a7f18\" data-element_type=\"section\" data-settings=\"{&quot;background_background&quot;:&quot;classic&quot;}\">\n\t\t\t\t\t\t<div class=\"elementor-container elementor-column-gap-default\">\n\t\t\t\t\t<div class=\"elementor-column elementor-col-50 elementor-top-column elementor-element elementor-element-f4a60d4\" data-id=\"f4a60d4\" data-element_type=\"column\">\n\t\t\t<div class=\"elementor-widget-wrap elementor-element-populated\">\n\t\t\t\t\t\t\t\t<div class=\"elementor-element elementor-element-1850cff elementor-widget elementor-widget-image\" data-id=\"1850cff\" data-element_type=\"widget\" data-widget_type=\"image.default\">\n\t\t\t\t<div class=\"elementor-widget-container\">\n\t\t\t\t\t\t\t\t\t\t\t\t\t\t\t<img loading=\"lazy\" decoding=\"async\" width=\"718\" height=\"393\" src=\"https:\/\/ifa.uv.cl\/wp-content\/uploads\/2022\/12\/Telescopio-Bochum.jpg\" class=\"attachment-large size-large\" alt=\"\" srcset=\"https:\/\/ifa.uv.cl\/wp-content\/uploads\/2022\/12\/Telescopio-Bochum.jpg 718w, https:\/\/ifa.uv.cl\/wp-content\/uploads\/2022\/12\/Telescopio-Bochum-300x164.jpg 300w\" sizes=\"auto, (max-width: 718px) 100vw, 718px\" \/>\t\t\t\t\t\t\t\t\t\t\t\t\t\t\t<\/div>\n\t\t\t\t<\/div>\n\t\t\t\t\t<\/div>\n\t\t<\/div>\n\t\t\t\t<div class=\"elementor-column elementor-col-50 elementor-top-column elementor-element elementor-element-9f84478\" data-id=\"9f84478\" data-element_type=\"column\">\n\t\t\t<div class=\"elementor-widget-wrap elementor-element-populated\">\n\t\t\t\t\t\t\t\t<div class=\"elementor-element elementor-element-149decf elementor-widget elementor-widget-borgholm_core_section_title\" data-id=\"149decf\" data-element_type=\"widget\" data-widget_type=\"borgholm_core_section_title.default\">\n\t\t\t\t<div class=\"elementor-widget-container\">\n\t\t\t<div class=\"qodef-shortcode qodef-m  qodef-section-title qodef-alignment--left   qodef-animate-special-style\">\n\t\t\t<h3 class=\"qodef-m-title\" >\n\t\t\t\t\tObservatorio Pocuro (spanish)\t\t\t<\/h3>\n\t\t<\/div>\t\t<\/div>\n\t\t\t\t<\/div>\n\t\t\t\t<div class=\"elementor-element elementor-element-1cef590 elementor-widget elementor-widget-text-editor\" data-id=\"1cef590\" data-element_type=\"widget\" data-widget_type=\"text-editor.default\">\n\t\t\t\t<div class=\"elementor-widget-container\">\n\t\t\t\t\t\t\t<p>El Telescopio Bochum UV de 60cm est\u00e1 instalado en las dependencias del Observatorio Pocuro en la localidad de Calle Larga, Los Andes, en la Regi\u00f3n de Valpara\u00edso. El IFA y la Universidad de Valpara\u00edso, sostienen un acuerdo con la Municipalidad de Calle Larga para mantener el funcionamiento de este telescopio, el cual estar\u00e1 operativo a partir del primer semestre del a\u00f1o 2023.<\/p><p>El telescopio ser\u00e1 usado para docencia, investigaci\u00f3n y difusi\u00f3n de la astronom\u00eda.<\/p><p>\u00a0<\/p>\t\t\t\t\t\t<\/div>\n\t\t\t\t<\/div>\n\t\t\t\t\t<\/div>\n\t\t<\/div>\n\t\t\t\t\t\t\t<\/div>\n\t\t<\/section>\n\t\t\t\t\t\t\t<\/div>\n\t\t","protected":false},"excerpt":{"rendered":"<p>Museo Juan Mouat (spanish) Juan Mouat era un empresario, ingeniero y amante de la Astronom\u00eda, de origen escoc\u00e9s del siglo XIX.\u00a0 La casa de Mouat est\u00e1 declarada Monumento Hist\u00f3rico Nacional desde 1962 y los \u00faltimos a\u00f1os funcion\u00f3 como Museo del Mar o mejor conocido como Museo Lord Cochrane. Hoy existe un proyecto de reconstrucci\u00f3n del [&hellip;]<\/p>\n","protected":false},"author":1,"featured_media":0,"parent":0,"menu_order":0,"comment_status":"closed","ping_status":"closed","template":"page-full-width.php","meta":{"footnotes":""},"categories":[],"tags":[],"class_list":["post-9687","page","type-page","status-publish","hentry"],"_links":{"self":[{"href":"https:\/\/ifa.uv.cl\/en\/wp-json\/wp\/v2\/pages\/9687","targetHints":{"allow":["GET"]}}],"collection":[{"href":"https:\/\/ifa.uv.cl\/en\/wp-json\/wp\/v2\/pages"}],"about":[{"href":"https:\/\/ifa.uv.cl\/en\/wp-json\/wp\/v2\/types\/page"}],"author":[{"embeddable":true,"href":"https:\/\/ifa.uv.cl\/en\/wp-json\/wp\/v2\/users\/1"}],"replies":[{"embeddable":true,"href":"https:\/\/ifa.uv.cl\/en\/wp-json\/wp\/v2\/comments?post=9687"}],"version-history":[{"count":5,"href":"https:\/\/ifa.uv.cl\/en\/wp-json\/wp\/v2\/pages\/9687\/revisions"}],"predecessor-version":[{"id":13472,"href":"https:\/\/ifa.uv.cl\/en\/wp-json\/wp\/v2\/pages\/9687\/revisions\/13472"}],"wp:attachment":[{"href":"https:\/\/ifa.uv.cl\/en\/wp-json\/wp\/v2\/media?parent=9687"}],"wp:term":[{"taxonomy":"category","embeddable":true,"href":"https:\/\/ifa.uv.cl\/en\/wp-json\/wp\/v2\/categories?post=9687"},{"taxonomy":"post_tag","embeddable":true,"href":"https:\/\/ifa.uv.cl\/en\/wp-json\/wp\/v2\/tags?post=9687"}],"curies":[{"name":"wp","href":"https:\/\/api.w.org\/{rel}","templated":true}]}}