{"id":9684,"date":"2022-06-02T22:23:35","date_gmt":"2022-06-02T22:23:35","guid":{"rendered":"https:\/\/ifa.uv.cl\/ifa-2022\/?page_id=9684"},"modified":"2022-12-28T15:52:04","modified_gmt":"2022-12-28T15:52:04","slug":"productos-de-difusion","status":"publish","type":"page","link":"https:\/\/ifa.uv.cl\/en\/productos-de-difusion\/","title":{"rendered":"Outreach products"},"content":{"rendered":"\t\t<div data-elementor-type=\"wp-page\" data-elementor-id=\"9684\" class=\"elementor elementor-9684\">\n\t\t\t\t\t\t\t\t\t<section class=\"elementor-section elementor-top-section elementor-element elementor-element-8a1ba51 elementor-section-boxed elementor-section-height-default elementor-section-height-default qodef-elementor-content-no\" data-id=\"8a1ba51\" data-element_type=\"section\" data-settings=\"{&quot;background_background&quot;:&quot;classic&quot;}\">\n\t\t\t\t\t\t<div class=\"elementor-container elementor-column-gap-default\">\n\t\t\t\t\t<div class=\"elementor-column elementor-col-100 elementor-top-column elementor-element elementor-element-4fc180e\" data-id=\"4fc180e\" data-element_type=\"column\">\n\t\t\t<div class=\"elementor-widget-wrap elementor-element-populated\">\n\t\t\t\t\t\t\t\t\t<\/div>\n\t\t<\/div>\n\t\t\t\t\t\t\t<\/div>\n\t\t<\/section>\n\t\t\t\t<section class=\"elementor-section elementor-top-section elementor-element elementor-element-91c680d qodef-elementor-content-grid elementor-section-boxed elementor-section-height-default elementor-section-height-default\" data-id=\"91c680d\" data-element_type=\"section\" data-settings=\"{&quot;background_background&quot;:&quot;classic&quot;}\">\n\t\t\t\t\t\t<div class=\"elementor-container elementor-column-gap-default\">\n\t\t\t\t\t<div class=\"elementor-column elementor-col-50 elementor-top-column elementor-element elementor-element-9f216da\" data-id=\"9f216da\" data-element_type=\"column\">\n\t\t\t<div class=\"elementor-widget-wrap elementor-element-populated\">\n\t\t\t\t\t\t\t\t<div class=\"elementor-element elementor-element-9b0538e elementor-widget elementor-widget-image\" data-id=\"9b0538e\" data-element_type=\"widget\" data-widget_type=\"image.default\">\n\t\t\t\t<div class=\"elementor-widget-container\">\n\t\t\t<style>\/*! elementor - v3.6.7 - 03-07-2022 *\/\n.elementor-widget-image{text-align:center}.elementor-widget-image a{display:inline-block}.elementor-widget-image a img[src$=\".svg\"]{width:48px}.elementor-widget-image img{vertical-align:middle;display:inline-block}<\/style>\t\t\t\t\t\t\t\t\t\t\t\t\t<a href=\"https:\/\/www.zooniverse.org\/projects\/cbellhouse\/fishing-for-jellyfish-galaxies\/about\/research\" target=\"_blank\">\n\t\t\t\t\t\t\t<img loading=\"lazy\" decoding=\"async\" width=\"585\" height=\"391\" src=\"https:\/\/ifa.uv.cl\/wp-content\/uploads\/2022\/12\/Screen-Shot-2022-12-28-at-12.35.50.png\" class=\"attachment-large size-large\" alt=\"\" srcset=\"https:\/\/ifa.uv.cl\/wp-content\/uploads\/2022\/12\/Screen-Shot-2022-12-28-at-12.35.50.png 585w, https:\/\/ifa.uv.cl\/wp-content\/uploads\/2022\/12\/Screen-Shot-2022-12-28-at-12.35.50-300x201.png 300w\" sizes=\"auto, (max-width: 585px) 100vw, 585px\" \/>\t\t\t\t\t\t\t\t<\/a>\n\t\t\t\t\t\t\t\t\t\t\t\t\t\t\t<\/div>\n\t\t\t\t<\/div>\n\t\t\t\t\t<\/div>\n\t\t<\/div>\n\t\t\t\t<div class=\"elementor-column elementor-col-50 elementor-top-column elementor-element elementor-element-10557c3\" data-id=\"10557c3\" data-element_type=\"column\">\n\t\t\t<div class=\"elementor-widget-wrap elementor-element-populated\">\n\t\t\t\t\t\t\t\t<div class=\"elementor-element elementor-element-197c768 elementor-widget elementor-widget-borgholm_core_section_title\" data-id=\"197c768\" data-element_type=\"widget\" data-widget_type=\"borgholm_core_section_title.default\">\n\t\t\t\t<div class=\"elementor-widget-container\">\n\t\t\t<div class=\"qodef-shortcode qodef-m  qodef-section-title qodef-alignment--left   qodef-animate-special-style\">\n\t\t\t<h3 class=\"qodef-m-title\" >\n\t\t\t\t\tFishing for Jellyfish <span class=\"qodef-special-style\">Galaxies<\/span>\t\t\t<\/h3>\n\t\t<\/div>\t\t<\/div>\n\t\t\t\t<\/div>\n\t\t\t\t<div class=\"elementor-element elementor-element-14e699c elementor-widget elementor-widget-text-editor\" data-id=\"14e699c\" data-element_type=\"widget\" data-widget_type=\"text-editor.default\">\n\t\t\t\t<div class=\"elementor-widget-container\">\n\t\t\t<style>\/*! elementor - v3.6.7 - 03-07-2022 *\/\n.elementor-widget-text-editor.elementor-drop-cap-view-stacked .elementor-drop-cap{background-color:#818a91;color:#fff}.elementor-widget-text-editor.elementor-drop-cap-view-framed .elementor-drop-cap{color:#818a91;border:3px solid;background-color:transparent}.elementor-widget-text-editor:not(.elementor-drop-cap-view-default) .elementor-drop-cap{margin-top:8px}.elementor-widget-text-editor:not(.elementor-drop-cap-view-default) .elementor-drop-cap-letter{width:1em;height:1em}.elementor-widget-text-editor .elementor-drop-cap{float:left;text-align:center;line-height:1;font-size:50px}.elementor-widget-text-editor .elementor-drop-cap-letter{display:inline-block}<\/style>\t\t\t\t<p>Citizen Science Project seeks the support of the community to classify &#8220;Medusa Galaxies&#8221;, a strange type of galaxies characterized by having long tails of gas, which give them a similar appearance to said, marine creatures. The IFA academic and CATA researcher, Yara Jaff\u00e9, participates in the international initiative on the Zooniverse Portal. On the Zooniverse project page &#8220;looking for jellyfish galaxies&#8221; a tutorial is included to help identify them, which allows you to see the differences between different types of galaxies in interaction, as well as appreciate the &#8220;jellyfish&#8221; from different angles to recognize them. All the material will make it possible to classify this type of galaxy and carry out statistical studies, to understand in detail where this phenomenon leads, and the fate of the Medusa galaxies once their gas is completely exhausted.<\/p>\t\t\t\t\t\t<\/div>\n\t\t\t\t<\/div>\n\t\t\t\t\t<\/div>\n\t\t<\/div>\n\t\t\t\t\t\t\t<\/div>\n\t\t<\/section>\n\t\t\t\t<section class=\"elementor-section elementor-top-section elementor-element elementor-element-98a7f18 qodef-elementor-content-grid elementor-section-boxed elementor-section-height-default elementor-section-height-default\" data-id=\"98a7f18\" data-element_type=\"section\" data-settings=\"{&quot;background_background&quot;:&quot;classic&quot;}\">\n\t\t\t\t\t\t<div class=\"elementor-container elementor-column-gap-default\">\n\t\t\t\t\t<div class=\"elementor-column elementor-col-50 elementor-top-column elementor-element elementor-element-f4a60d4\" data-id=\"f4a60d4\" data-element_type=\"column\">\n\t\t\t<div class=\"elementor-widget-wrap elementor-element-populated\">\n\t\t\t\t\t\t\t\t<div class=\"elementor-element elementor-element-1850cff elementor-widget elementor-widget-image\" data-id=\"1850cff\" data-element_type=\"widget\" data-widget_type=\"image.default\">\n\t\t\t\t<div class=\"elementor-widget-container\">\n\t\t\t\t\t\t\t\t\t\t\t\t\t\t\t\t<a href=\"http:\/\/www.npf.cl\/2020\/11\/10\/2213\/#dearflip-df_2290\/5\/\" target=\"_blank\">\n\t\t\t\t\t\t\t<img loading=\"lazy\" decoding=\"async\" width=\"797\" height=\"363\" src=\"https:\/\/ifa.uv.cl\/wp-content\/uploads\/2022\/12\/Screen-Shot-2022-12-28-at-12.30.18.png\" class=\"attachment-large size-large\" alt=\"\" srcset=\"https:\/\/ifa.uv.cl\/wp-content\/uploads\/2022\/12\/Screen-Shot-2022-12-28-at-12.30.18.png 797w, https:\/\/ifa.uv.cl\/wp-content\/uploads\/2022\/12\/Screen-Shot-2022-12-28-at-12.30.18-300x137.png 300w, https:\/\/ifa.uv.cl\/wp-content\/uploads\/2022\/12\/Screen-Shot-2022-12-28-at-12.30.18-768x350.png 768w\" sizes=\"auto, (max-width: 797px) 100vw, 797px\" \/>\t\t\t\t\t\t\t\t<\/a>\n\t\t\t\t\t\t\t\t\t\t\t\t\t\t\t<\/div>\n\t\t\t\t<\/div>\n\t\t\t\t\t<\/div>\n\t\t<\/div>\n\t\t\t\t<div class=\"elementor-column elementor-col-50 elementor-top-column elementor-element elementor-element-9f84478\" data-id=\"9f84478\" data-element_type=\"column\">\n\t\t\t<div class=\"elementor-widget-wrap elementor-element-populated\">\n\t\t\t\t\t\t\t\t<div class=\"elementor-element elementor-element-149decf elementor-widget elementor-widget-borgholm_core_section_title\" data-id=\"149decf\" data-element_type=\"widget\" data-widget_type=\"borgholm_core_section_title.default\">\n\t\t\t\t<div class=\"elementor-widget-container\">\n\t\t\t<div class=\"qodef-shortcode qodef-m  qodef-section-title qodef-alignment--left   qodef-animate-special-style\">\n\t\t\t<h3 class=\"qodef-m-title\" >\n\t\t\t\t\tKit inclusivo NPF <span class=\"qodef-special-style\">(spanish)<\/span>\t\t\t<\/h3>\n\t\t<\/div>\t\t<\/div>\n\t\t\t\t<\/div>\n\t\t\t\t<div class=\"elementor-element elementor-element-1cef590 elementor-widget elementor-widget-text-editor\" data-id=\"1cef590\" data-element_type=\"widget\" data-widget_type=\"text-editor.default\">\n\t\t\t\t<div class=\"elementor-widget-container\">\n\t\t\t\t\t\t\t<div data-id=\"1cef590\" data-element_type=\"widget\" data-widget_type=\"text-editor.default\"><div><p>El NPF desarroll\u00f3 un kit de ense\u00f1anza astron\u00f3mica completamente inclusivo, basado en un prototipo t\u00e1ctil de formaci\u00f3n planetaria acompa\u00f1ado de un manual que explica todos los conceptos astron\u00f3micos involucrados y la forma de utilizar este prototipo con estudiantes.<\/p><p>Este proyecto inclusivo es parte de los Proyectos de Proyecci\u00f3n al Medio Externo, PME, de la Iniciativa Cient\u00edfica Milenio.<\/p><p>El material se puede descargar y utilizar libremente en actividades gratuitas de educaci\u00f3n, pero se solicita mencionar al N\u00facleo Milenio de Formaci\u00f3n Planetaria como creador.<\/p><\/div><\/div><p>\u00a0<\/p>\t\t\t\t\t\t<\/div>\n\t\t\t\t<\/div>\n\t\t\t\t\t<\/div>\n\t\t<\/div>\n\t\t\t\t\t\t\t<\/div>\n\t\t<\/section>\n\t\t\t\t<section class=\"elementor-section elementor-top-section elementor-element elementor-element-75e244a qodef-elementor-content-grid elementor-section-boxed elementor-section-height-default elementor-section-height-default\" data-id=\"75e244a\" data-element_type=\"section\" data-settings=\"{&quot;background_background&quot;:&quot;classic&quot;}\">\n\t\t\t\t\t\t<div class=\"elementor-container elementor-column-gap-default\">\n\t\t\t\t\t<div class=\"elementor-column elementor-col-50 elementor-top-column elementor-element elementor-element-d6690c2\" data-id=\"d6690c2\" data-element_type=\"column\">\n\t\t\t<div class=\"elementor-widget-wrap elementor-element-populated\">\n\t\t\t\t\t\t\t\t<div class=\"elementor-element elementor-element-be6aaf1 elementor-widget elementor-widget-image\" data-id=\"be6aaf1\" data-element_type=\"widget\" data-widget_type=\"image.default\">\n\t\t\t\t<div class=\"elementor-widget-container\">\n\t\t\t\t\t\t\t\t\t\t\t\t\t\t\t\t<a href=\"http:\/\/www.mitoyrali.cl\">\n\t\t\t\t\t\t\t<img loading=\"lazy\" decoding=\"async\" width=\"872\" height=\"651\" src=\"https:\/\/ifa.uv.cl\/wp-content\/uploads\/2022\/12\/logo-LR.png\" class=\"attachment-large size-large\" alt=\"\" srcset=\"https:\/\/ifa.uv.cl\/wp-content\/uploads\/2022\/12\/logo-LR.png 872w, https:\/\/ifa.uv.cl\/wp-content\/uploads\/2022\/12\/logo-LR-300x224.png 300w, https:\/\/ifa.uv.cl\/wp-content\/uploads\/2022\/12\/logo-LR-768x573.png 768w\" sizes=\"auto, (max-width: 872px) 100vw, 872px\" \/>\t\t\t\t\t\t\t\t<\/a>\n\t\t\t\t\t\t\t\t\t\t\t\t\t\t\t<\/div>\n\t\t\t\t<\/div>\n\t\t\t\t\t<\/div>\n\t\t<\/div>\n\t\t\t\t<div class=\"elementor-column elementor-col-50 elementor-top-column elementor-element elementor-element-18af48b\" data-id=\"18af48b\" data-element_type=\"column\">\n\t\t\t<div class=\"elementor-widget-wrap elementor-element-populated\">\n\t\t\t\t\t\t\t\t<div class=\"elementor-element elementor-element-e340ea8 elementor-widget elementor-widget-borgholm_core_section_title\" data-id=\"e340ea8\" data-element_type=\"widget\" data-widget_type=\"borgholm_core_section_title.default\">\n\t\t\t\t<div class=\"elementor-widget-container\">\n\t\t\t<div class=\"qodef-shortcode qodef-m  qodef-section-title qodef-alignment--left   qodef-animate-special-style\">\n\t\t\t<h3 class=\"qodef-m-title\" >\n\t\t\t\t\tMito &amp; Rali <span class=\"qodef-special-style\">(spanish)<\/span>\t\t\t<\/h3>\n\t\t<\/div>\t\t<\/div>\n\t\t\t\t<\/div>\n\t\t\t\t<div class=\"elementor-element elementor-element-f2e6bc0 elementor-widget elementor-widget-text-editor\" data-id=\"f2e6bc0\" data-element_type=\"widget\" data-widget_type=\"text-editor.default\">\n\t\t\t\t<div class=\"elementor-widget-container\">\n\t\t\t\t\t\t\t<div>\u201cMito &amp; Rali\u201d, es una serie animada sobre las aventuras de una pareja de amigos que viven en Antofagasta, Chile, cuya curiosidad los lleva a investigar y derribar mitos comunes en torno a la ciencia. La primera temporada gira en torno a la astronom\u00eda y por eso se titula \u201cMito &amp; Rali, en la tierra de las estrellas .<\/div><p>El proyecto fue liderado por la acad\u00e9mica Catalina Arcos y es una producci\u00f3n de <a href=\"http:\/\/www.puertoalmendral.com\">Puerto Almendral<\/a> (<a href=\"http:\/\/www.puertoalmendral.com\" target=\"_blank\" rel=\"noopener\">www.puertoalmendral.com<\/a>) en colaboraci\u00f3n con <a href=\"http:\/\/www.maquinavisual.com\">M\u00e1quina Visual\u00a0<\/a> (<a href=\"http:\/\/www.maquinavisual.com\" target=\"_blank\" rel=\"noopener\">www.maquinavisual.com<\/a>). La primera temporada fue financiada por el fondo <a href=\"https:\/\/www.almaobservatory.org\/es\/inicio\/\">ALMA<\/a> \u2013 <a href=\"http:\/\/www.anid.cl\">ANID<\/a> 2019,\u00a0ejecutado por la<a href=\"http:\/\/www.ifa.uv.cl\"> Universidad de Valpara\u00edso<\/a>. La serie, al igual que la gu\u00eda pedag\u00f3gica para docentes, est\u00e1 disponible en la biblioteca digital de <a href=\"https:\/\/www.explora.cl\/biblioteca-digital\/\">Explora<\/a> ( <a href=\"https:\/\/www.explora.cl\/biblioteca-digital\/\" target=\"_blank\" rel=\"noopener\">https:\/\/www.explora.cl\/biblioteca-digital\/ <\/a>) y ser\u00e1 exhibida por <a href=\"https:\/\/www.tvn.cl\/envivo\/tveducachile\/\">TV Educa<\/a>.<\/p><p>M\u00e1s informaci\u00f3n pr\u00f3ximamente por nuestras redes sociales de Facebook e Instagram @mitoyrali <\/p><p>Este proyecto fue financiado por el fondo ALMA-CONICYT N\u00ba31190014<\/p>\t\t\t\t\t\t<\/div>\n\t\t\t\t<\/div>\n\t\t\t\t\t<\/div>\n\t\t<\/div>\n\t\t\t\t\t\t\t<\/div>\n\t\t<\/section>\n\t\t\t\t<section class=\"elementor-section elementor-top-section elementor-element elementor-element-1aba45d qodef-elementor-content-grid elementor-section-boxed elementor-section-height-default elementor-section-height-default\" data-id=\"1aba45d\" data-element_type=\"section\" data-settings=\"{&quot;background_background&quot;:&quot;classic&quot;}\">\n\t\t\t\t\t\t<div class=\"elementor-container elementor-column-gap-default\">\n\t\t\t\t\t<div class=\"elementor-column elementor-col-50 elementor-top-column elementor-element elementor-element-d44614c\" data-id=\"d44614c\" data-element_type=\"column\">\n\t\t\t<div class=\"elementor-widget-wrap elementor-element-populated\">\n\t\t\t\t\t\t\t\t<div class=\"elementor-element elementor-element-c6d0661 elementor-widget elementor-widget-image\" data-id=\"c6d0661\" data-element_type=\"widget\" data-widget_type=\"image.default\">\n\t\t\t\t<div class=\"elementor-widget-container\">\n\t\t\t\t\t\t\t\t\t\t\t\t\t\t\t\t<a href=\"https:\/\/solar.ifa.uv.cl\/\" target=\"_blank\">\n\t\t\t\t\t\t\t<img loading=\"lazy\" decoding=\"async\" width=\"1024\" height=\"530\" src=\"https:\/\/ifa.uv.cl\/wp-content\/uploads\/2022\/12\/Screen-Shot-2022-12-28-at-11.17.42.png\" class=\"attachment-large size-large\" alt=\"\" srcset=\"https:\/\/ifa.uv.cl\/wp-content\/uploads\/2022\/12\/Screen-Shot-2022-12-28-at-11.17.42.png 1024w, https:\/\/ifa.uv.cl\/wp-content\/uploads\/2022\/12\/Screen-Shot-2022-12-28-at-11.17.42-300x155.png 300w, https:\/\/ifa.uv.cl\/wp-content\/uploads\/2022\/12\/Screen-Shot-2022-12-28-at-11.17.42-768x398.png 768w\" sizes=\"auto, (max-width: 1024px) 100vw, 1024px\" \/>\t\t\t\t\t\t\t\t<\/a>\n\t\t\t\t\t\t\t\t\t\t\t\t\t\t\t<\/div>\n\t\t\t\t<\/div>\n\t\t\t\t\t<\/div>\n\t\t<\/div>\n\t\t\t\t<div class=\"elementor-column elementor-col-50 elementor-top-column elementor-element elementor-element-8954b13\" data-id=\"8954b13\" data-element_type=\"column\">\n\t\t\t<div class=\"elementor-widget-wrap elementor-element-populated\">\n\t\t\t\t\t\t\t\t<div class=\"elementor-element elementor-element-aa2d0dc elementor-widget elementor-widget-borgholm_core_section_title\" data-id=\"aa2d0dc\" data-element_type=\"widget\" data-widget_type=\"borgholm_core_section_title.default\">\n\t\t\t\t<div class=\"elementor-widget-container\">\n\t\t\t<div class=\"qodef-shortcode qodef-m  qodef-section-title qodef-alignment--left   qodef-animate-special-style\">\n\t\t\t<h3 class=\"qodef-m-title\" >\n\t\t\t\t\tPaseando por el <span class=\"qodef-special-style\">Sistema<\/span> Solar (spanish)\t\t\t<\/h3>\n\t\t<\/div>\t\t<\/div>\n\t\t\t\t<\/div>\n\t\t\t\t<div class=\"elementor-element elementor-element-d45361e elementor-widget elementor-widget-text-editor\" data-id=\"d45361e\" data-element_type=\"widget\" data-widget_type=\"text-editor.default\">\n\t\t\t\t<div class=\"elementor-widget-container\">\n\t\t\t\t\t\t\tLorem fistrum por la gloria de mi madre esse jarl aliqua llevame al sircoo. De la pradera ullamco qu\u00e9 dise usteer est\u00e1 la cosa muy malar.Lorem fistrum por la gloria de mi madre esse jarl aliqua llevame al sircoo. De la pradera ullamco qu\u00e9 dise usteer est\u00e1 la cosa muy malar.Lorem fistrum por la gloria de mi madre esse jarl aliqua llevame al sircoo. De la pradera ullamco qu\u00e9 dise usteer est\u00e1 la cosa muy malar.\t\t\t\t\t\t<\/div>\n\t\t\t\t<\/div>\n\t\t\t\t\t<\/div>\n\t\t<\/div>\n\t\t\t\t\t\t\t<\/div>\n\t\t<\/section>\n\t\t\t\t<section class=\"elementor-section elementor-top-section elementor-element elementor-element-461849e qodef-elementor-content-grid elementor-section-boxed elementor-section-height-default elementor-section-height-default\" data-id=\"461849e\" data-element_type=\"section\" data-settings=\"{&quot;background_background&quot;:&quot;classic&quot;}\">\n\t\t\t\t\t\t<div class=\"elementor-container elementor-column-gap-default\">\n\t\t\t\t\t<div class=\"elementor-column elementor-col-50 elementor-top-column elementor-element elementor-element-863b834\" data-id=\"863b834\" data-element_type=\"column\">\n\t\t\t<div class=\"elementor-widget-wrap elementor-element-populated\">\n\t\t\t\t\t\t\t\t<div class=\"elementor-element elementor-element-b768b0e elementor-widget elementor-widget-image\" data-id=\"b768b0e\" data-element_type=\"widget\" data-widget_type=\"image.default\">\n\t\t\t\t<div class=\"elementor-widget-container\">\n\t\t\t\t\t\t\t\t\t\t\t\t\t\t\t\t<a href=\"https:\/\/museovirtualdeltiempo.cl\/\" target=\"_blank\">\n\t\t\t\t\t\t\t<img loading=\"lazy\" decoding=\"async\" width=\"1024\" height=\"606\" src=\"https:\/\/ifa.uv.cl\/wp-content\/uploads\/2022\/12\/Screen-Shot-2022-12-28-at-11.30.05-1024x606.png\" class=\"attachment-large size-large\" alt=\"\" srcset=\"https:\/\/ifa.uv.cl\/wp-content\/uploads\/2022\/12\/Screen-Shot-2022-12-28-at-11.30.05-1024x606.png 1024w, https:\/\/ifa.uv.cl\/wp-content\/uploads\/2022\/12\/Screen-Shot-2022-12-28-at-11.30.05-300x177.png 300w, https:\/\/ifa.uv.cl\/wp-content\/uploads\/2022\/12\/Screen-Shot-2022-12-28-at-11.30.05-768x454.png 768w, https:\/\/ifa.uv.cl\/wp-content\/uploads\/2022\/12\/Screen-Shot-2022-12-28-at-11.30.05-1536x909.png 1536w, https:\/\/ifa.uv.cl\/wp-content\/uploads\/2022\/12\/Screen-Shot-2022-12-28-at-11.30.05.png 1540w\" sizes=\"auto, (max-width: 1024px) 100vw, 1024px\" \/>\t\t\t\t\t\t\t\t<\/a>\n\t\t\t\t\t\t\t\t\t\t\t\t\t\t\t<\/div>\n\t\t\t\t<\/div>\n\t\t\t\t\t<\/div>\n\t\t<\/div>\n\t\t\t\t<div class=\"elementor-column elementor-col-50 elementor-top-column elementor-element elementor-element-788fd09\" data-id=\"788fd09\" data-element_type=\"column\">\n\t\t\t<div class=\"elementor-widget-wrap elementor-element-populated\">\n\t\t\t\t\t\t\t\t<div class=\"elementor-element elementor-element-fab7b86 elementor-widget elementor-widget-borgholm_core_section_title\" data-id=\"fab7b86\" data-element_type=\"widget\" data-widget_type=\"borgholm_core_section_title.default\">\n\t\t\t\t<div class=\"elementor-widget-container\">\n\t\t\t<div class=\"qodef-shortcode qodef-m  qodef-section-title qodef-alignment--left   qodef-animate-special-style\">\n\t\t\t<h3 class=\"qodef-m-title\" >\n\t\t\t\t\tMuseo virtual (spanish)\t\t\t<\/h3>\n\t\t<\/div>\t\t<\/div>\n\t\t\t\t<\/div>\n\t\t\t\t<div class=\"elementor-element elementor-element-b8b72c7 elementor-widget elementor-widget-text-editor\" data-id=\"b8b72c7\" data-element_type=\"widget\" data-widget_type=\"text-editor.default\">\n\t\t\t\t<div class=\"elementor-widget-container\">\n\t\t\t\t\t\t\t<p>El primer observatorio astron\u00f3mico que tuvo Chile se instal\u00f3 en Valpara\u00edso, en el a\u00f1o 1843, en el lugar donde actualmente se ubica la Casa Museo Lord Cochrane, en el cerro Cordillera, en lo alto de la plaza Sotomayor. El rescate del legado de Juan Mouat \u2013hasta ahora poco conocido, pero pionero en el desarrollo de la astronom\u00eda en Chile- es uno de los objetivos del proyecto titulado \u201cUn museo virtual del tiempo: la historia de la astronom\u00eda en la Regi\u00f3n de Valpara\u00edso\u201d, el cual lidera el acad\u00e9mico Eduardo Ibar, junto a un equipo multidisciplinario de profesionales arquitectos, curadores, historiadores y cient\u00edficos.<\/p><p>Este proyecto fue financiado por el fondo ESO-COMIT\u00c9 MIXTO<\/p>\t\t\t\t\t\t<\/div>\n\t\t\t\t<\/div>\n\t\t\t\t\t<\/div>\n\t\t<\/div>\n\t\t\t\t\t\t\t<\/div>\n\t\t<\/section>\n\t\t\t\t\t\t\t<\/div>\n\t\t","protected":false},"excerpt":{"rendered":"<p>Fishing for Jellyfish Galaxies Citizen Science Project seeks the support of the community to classify &#8220;Medusa Galaxies&#8221;, a strange type of galaxies characterized by having long tails of gas, which give them a similar appearance to said, marine creatures. The IFA academic and CATA researcher, Yara Jaff\u00e9, participates in the international initiative on the Zooniverse [&hellip;]<\/p>\n","protected":false},"author":1,"featured_media":0,"parent":0,"menu_order":0,"comment_status":"closed","ping_status":"closed","template":"page-full-width.php","meta":{"footnotes":""},"categories":[],"tags":[],"class_list":["post-9684","page","type-page","status-publish","hentry"],"_links":{"self":[{"href":"https:\/\/ifa.uv.cl\/en\/wp-json\/wp\/v2\/pages\/9684","targetHints":{"allow":["GET"]}}],"collection":[{"href":"https:\/\/ifa.uv.cl\/en\/wp-json\/wp\/v2\/pages"}],"about":[{"href":"https:\/\/ifa.uv.cl\/en\/wp-json\/wp\/v2\/types\/page"}],"author":[{"embeddable":true,"href":"https:\/\/ifa.uv.cl\/en\/wp-json\/wp\/v2\/users\/1"}],"replies":[{"embeddable":true,"href":"https:\/\/ifa.uv.cl\/en\/wp-json\/wp\/v2\/comments?post=9684"}],"version-history":[{"count":44,"href":"https:\/\/ifa.uv.cl\/en\/wp-json\/wp\/v2\/pages\/9684\/revisions"}],"predecessor-version":[{"id":13451,"href":"https:\/\/ifa.uv.cl\/en\/wp-json\/wp\/v2\/pages\/9684\/revisions\/13451"}],"wp:attachment":[{"href":"https:\/\/ifa.uv.cl\/en\/wp-json\/wp\/v2\/media?parent=9684"}],"wp:term":[{"taxonomy":"category","embeddable":true,"href":"https:\/\/ifa.uv.cl\/en\/wp-json\/wp\/v2\/categories?post=9684"},{"taxonomy":"post_tag","embeddable":true,"href":"https:\/\/ifa.uv.cl\/en\/wp-json\/wp\/v2\/tags?post=9684"}],"curies":[{"name":"wp","href":"https:\/\/api.w.org\/{rel}","templated":true}]}}