{"id":9680,"date":"2022-02-21T13:26:15","date_gmt":"2022-02-21T13:26:15","guid":{"rendered":"https:\/\/ifa.uv.cl\/ifa-2022\/?page_id=9680"},"modified":"2022-06-08T02:47:21","modified_gmt":"2022-06-08T02:47:21","slug":"exposiciones-itinerantes","status":"publish","type":"page","link":"https:\/\/ifa.uv.cl\/en\/exposiciones-itinerantes\/","title":{"rendered":"Exhibitions"},"content":{"rendered":"\t\t<div data-elementor-type=\"wp-page\" data-elementor-id=\"9680\" class=\"elementor elementor-9680\">\n\t\t\t\t\t\t\t\t\t<section class=\"elementor-section elementor-top-section elementor-element elementor-element-9cb6004 elementor-section-boxed elementor-section-height-default elementor-section-height-default qodef-elementor-content-no\" data-id=\"9cb6004\" data-element_type=\"section\">\n\t\t\t\t\t\t<div class=\"elementor-container elementor-column-gap-default\">\n\t\t\t\t\t<div class=\"elementor-column elementor-col-33 elementor-top-column elementor-element elementor-element-11ebe0e\" data-id=\"11ebe0e\" data-element_type=\"column\">\n\t\t\t<div class=\"elementor-widget-wrap\">\n\t\t\t\t\t\t\t\t\t<\/div>\n\t\t<\/div>\n\t\t\t\t<div class=\"elementor-column elementor-col-33 elementor-top-column elementor-element elementor-element-86fd8e3\" data-id=\"86fd8e3\" data-element_type=\"column\">\n\t\t\t<div class=\"elementor-widget-wrap\">\n\t\t\t\t\t\t\t\t\t<\/div>\n\t\t<\/div>\n\t\t\t\t<div class=\"elementor-column elementor-col-33 elementor-top-column elementor-element elementor-element-f042e4c\" data-id=\"f042e4c\" data-element_type=\"column\">\n\t\t\t<div class=\"elementor-widget-wrap\">\n\t\t\t\t\t\t\t\t\t<\/div>\n\t\t<\/div>\n\t\t\t\t\t\t\t<\/div>\n\t\t<\/section>\n\t\t\t\t<section class=\"elementor-section elementor-top-section elementor-element elementor-element-9a3e418 elementor-section-boxed elementor-section-height-default elementor-section-height-default qodef-elementor-content-no\" data-id=\"9a3e418\" data-element_type=\"section\">\n\t\t\t\t\t\t<div class=\"elementor-container elementor-column-gap-default\">\n\t\t\t\t\t<div class=\"elementor-column elementor-col-100 elementor-top-column elementor-element elementor-element-f38a070\" data-id=\"f38a070\" data-element_type=\"column\">\n\t\t\t<div class=\"elementor-widget-wrap elementor-element-populated\">\n\t\t\t\t\t\t\t\t<div class=\"elementor-element elementor-element-dbb2a72 elementor-grid-eael-col-3 elementor-grid-tablet-eael-col-2 elementor-grid-mobile-eael-col-1 elementor-widget elementor-widget-eael-post-grid\" data-id=\"dbb2a72\" data-element_type=\"widget\" data-settings=\"{&quot;eael_post_grid_columns&quot;:&quot;eael-col-3&quot;,&quot;eael_post_grid_columns_tablet&quot;:&quot;eael-col-2&quot;,&quot;eael_post_grid_columns_mobile&quot;:&quot;eael-col-1&quot;}\" data-widget_type=\"eael-post-grid.default\">\n\t\t\t\t<div class=\"elementor-widget-container\">\n\t\t\t<div id=\"eael-post-grid-dbb2a72\" class=\"eael-post-grid-container\">\n            <div class=\"eael-post-grid eael-post-appender eael-post-appender-dbb2a72 eael-post-grid-style-default\" data-layout-mode=\"masonry\"><article class=\"eael-grid-post eael-post-grid-column\" data-id=\"8822\">\n        <div class=\"eael-grid-post-holder\">\n            <div class=\"eael-grid-post-holder-inner\"><div class=\"eael-entry-media\"><div class=\"eael-entry-overlay fade-in\"><i class=\"fas fa-long-arrow-alt-right\" aria-hidden=\"true\"><\/i><a href=\"https:\/\/ifa.uv.cl\/en\/exposiciones-itinera\/la-via-lactea-nuestro-hogar-en-el-universo\/\"><\/a><\/div><div class=\"eael-entry-thumbnail \">\n                <img loading=\"lazy\" decoding=\"async\" width=\"300\" height=\"163\" src=\"https:\/\/ifa.uv.cl\/wp-content\/uploads\/2022\/06\/00000.jpg\" class=\"attachment-medium size-medium\" alt=\"\" \/>\n            <\/div>\n        <\/div><div class=\"eael-entry-wrapper\"><header class=\"eael-entry-header\"><h2 class=\"eael-entry-title\"><a\n                        class=\"eael-grid-post-link\"\n                        href=\"https:\/\/ifa.uv.cl\/en\/exposiciones-itinera\/la-via-lactea-nuestro-hogar-en-el-universo\/\"\n                        title=\"El Universo como M\u00e1quina del Tiempo\">El Universo como M\u00e1quina del Tiempo<\/a><\/h2><\/header><div class=\"eael-entry-content\">\n                        <div class=\"eael-grid-post-excerpt\"><a\n                            href=\"https:\/\/ifa.uv.cl\/en\/exposiciones-itinera\/la-via-lactea-nuestro-hogar-en-el-universo\/\"\n                            class=\"eael-post-elements-readmore-btn\">Leer m\u00e1s<\/a><\/div>\n                    <\/div><\/div><\/div>\n        <\/div>\n    <\/article><article class=\"eael-grid-post eael-post-grid-column\" data-id=\"9633\">\n        <div class=\"eael-grid-post-holder\">\n            <div class=\"eael-grid-post-holder-inner\"><div class=\"eael-entry-media\"><div class=\"eael-entry-overlay fade-in\"><i class=\"fas fa-long-arrow-alt-right\" aria-hidden=\"true\"><\/i><a href=\"https:\/\/ifa.uv.cl\/en\/exposiciones-itinera\/la-via-lactea-nuestro-hogar-en-el-universo-2\/\"><\/a><\/div><div class=\"eael-entry-thumbnail \">\n                <img loading=\"lazy\" decoding=\"async\" width=\"300\" height=\"244\" src=\"https:\/\/ifa.uv.cl\/wp-content\/uploads\/2022\/02\/exposicion_vialactea-300x244.png\" class=\"attachment-medium size-medium\" alt=\"\" srcset=\"https:\/\/ifa.uv.cl\/wp-content\/uploads\/2022\/02\/exposicion_vialactea-300x244.png 300w, https:\/\/ifa.uv.cl\/wp-content\/uploads\/2022\/02\/exposicion_vialactea.png 307w\" sizes=\"auto, (max-width: 300px) 100vw, 300px\" \/>\n            <\/div>\n        <\/div><div class=\"eael-entry-wrapper\"><header class=\"eael-entry-header\"><h2 class=\"eael-entry-title\"><a\n                        class=\"eael-grid-post-link\"\n                        href=\"https:\/\/ifa.uv.cl\/en\/exposiciones-itinera\/la-via-lactea-nuestro-hogar-en-el-universo-2\/\"\n                        title=\"La V\u00eda L\u00e1ctea: Nuestro Hogar en el Universo\">La V\u00eda L\u00e1ctea: Nuestro Hogar en el Universo<\/a><\/h2><\/header><div class=\"eael-entry-content\">\n                        <div class=\"eael-grid-post-excerpt\"><a\n                            href=\"https:\/\/ifa.uv.cl\/en\/exposiciones-itinera\/la-via-lactea-nuestro-hogar-en-el-universo-2\/\"\n                            class=\"eael-post-elements-readmore-btn\">Leer m\u00e1s<\/a><\/div>\n                    <\/div><\/div><\/div>\n        <\/div>\n    <\/article><article class=\"eael-grid-post eael-post-grid-column\" data-id=\"7969\">\n        <div class=\"eael-grid-post-holder\">\n            <div class=\"eael-grid-post-holder-inner\"><div class=\"eael-entry-media\"><div class=\"eael-entry-overlay fade-in\"><i class=\"fas fa-long-arrow-alt-right\" aria-hidden=\"true\"><\/i><a href=\"https:\/\/ifa.uv.cl\/en\/exposiciones-itinera\/la-via-lactea-nuestro-hogar-en-el-universo-3\/\"><\/a><\/div><div class=\"eael-entry-thumbnail \">\n                <img loading=\"lazy\" decoding=\"async\" width=\"300\" height=\"200\" src=\"https:\/\/ifa.uv.cl\/wp-content\/uploads\/2022\/02\/cosmic_strings.png\" class=\"attachment-medium size-medium\" alt=\"\" \/>\n            <\/div>\n        <\/div><div class=\"eael-entry-wrapper\"><header class=\"eael-entry-header\"><h2 class=\"eael-entry-title\"><a\n                        class=\"eael-grid-post-link\"\n                        href=\"https:\/\/ifa.uv.cl\/en\/exposiciones-itinera\/la-via-lactea-nuestro-hogar-en-el-universo-3\/\"\n                        title=\"Tocatas Astron\u00f3micas\">Tocatas Astron\u00f3micas<\/a><\/h2><\/header><div class=\"eael-entry-content\">\n                        <div class=\"eael-grid-post-excerpt\"><a\n                            href=\"https:\/\/ifa.uv.cl\/en\/exposiciones-itinera\/la-via-lactea-nuestro-hogar-en-el-universo-3\/\"\n                            class=\"eael-post-elements-readmore-btn\">Leer m\u00e1s<\/a><\/div>\n                    <\/div><\/div><\/div>\n        <\/div>\n    <\/article><\/div>\n            <div class=\"clearfix\"><\/div>\n        <\/div>\t\t<\/div>\n\t\t\t\t<\/div>\n\t\t\t\t\t<\/div>\n\t\t<\/div>\n\t\t\t\t\t\t\t<\/div>\n\t\t<\/section>\n\t\t\t\t\t\t\t<\/div>\n\t\t","protected":false},"excerpt":{"rendered":"<p>Astronomical Concerts Leer m\u00e1s La V\u00eda L\u00e1ctea: Nuestro Hogar en el Universo Leer m\u00e1s El Universo como M\u00e1quina del Tiempo Leer m\u00e1s<\/p>\n","protected":false},"author":3,"featured_media":7351,"parent":0,"menu_order":0,"comment_status":"closed","ping_status":"closed","template":"","meta":{"footnotes":""},"categories":[107],"tags":[],"class_list":["post-9680","page","type-page","status-publish","has-post-thumbnail","hentry","category-uncategorized"],"_links":{"self":[{"href":"https:\/\/ifa.uv.cl\/en\/wp-json\/wp\/v2\/pages\/9680","targetHints":{"allow":["GET"]}}],"collection":[{"href":"https:\/\/ifa.uv.cl\/en\/wp-json\/wp\/v2\/pages"}],"about":[{"href":"https:\/\/ifa.uv.cl\/en\/wp-json\/wp\/v2\/types\/page"}],"author":[{"embeddable":true,"href":"https:\/\/ifa.uv.cl\/en\/wp-json\/wp\/v2\/users\/3"}],"replies":[{"embeddable":true,"href":"https:\/\/ifa.uv.cl\/en\/wp-json\/wp\/v2\/comments?post=9680"}],"version-history":[{"count":11,"href":"https:\/\/ifa.uv.cl\/en\/wp-json\/wp\/v2\/pages\/9680\/revisions"}],"predecessor-version":[{"id":9984,"href":"https:\/\/ifa.uv.cl\/en\/wp-json\/wp\/v2\/pages\/9680\/revisions\/9984"}],"wp:featuredmedia":[{"embeddable":true,"href":"https:\/\/ifa.uv.cl\/en\/wp-json\/wp\/v2\/media\/7351"}],"wp:attachment":[{"href":"https:\/\/ifa.uv.cl\/en\/wp-json\/wp\/v2\/media?parent=9680"}],"wp:term":[{"taxonomy":"category","embeddable":true,"href":"https:\/\/ifa.uv.cl\/en\/wp-json\/wp\/v2\/categories?post=9680"},{"taxonomy":"post_tag","embeddable":true,"href":"https:\/\/ifa.uv.cl\/en\/wp-json\/wp\/v2\/tags?post=9680"}],"curies":[{"name":"wp","href":"https:\/\/api.w.org\/{rel}","templated":true}]}}