{"id":9622,"date":"2022-06-01T23:31:12","date_gmt":"2022-06-01T23:31:12","guid":{"rendered":"https:\/\/ifa.uv.cl\/ifa-2022\/?page_id=9622"},"modified":"2025-10-23T10:36:35","modified_gmt":"2025-10-23T13:36:35","slug":"research-center-and-associations","status":"publish","type":"page","link":"https:\/\/ifa.uv.cl\/en\/research-center-and-associations\/","title":{"rendered":"RESEARCH CENTER AND ASSOCIATIONS"},"content":{"rendered":"\t\t<div data-elementor-type=\"wp-page\" data-elementor-id=\"9622\" class=\"elementor elementor-9622\">\n\t\t\t\t\t\t\t\t\t<section class=\"elementor-section elementor-top-section elementor-element elementor-element-91c680d elementor-section-boxed elementor-section-height-default elementor-section-height-default qodef-elementor-content-no\" data-id=\"91c680d\" data-element_type=\"section\" data-settings=\"{&quot;background_background&quot;:&quot;classic&quot;}\">\n\t\t\t\t\t\t<div class=\"elementor-container elementor-column-gap-default\">\n\t\t\t\t\t<div class=\"elementor-column elementor-col-50 elementor-top-column elementor-element elementor-element-9f216da\" data-id=\"9f216da\" data-element_type=\"column\">\n\t\t\t<div class=\"elementor-widget-wrap elementor-element-populated\">\n\t\t\t\t\t\t\t\t<div class=\"elementor-element elementor-element-197c768 elementor-widget elementor-widget-borgholm_core_section_title\" data-id=\"197c768\" data-element_type=\"widget\" data-widget_type=\"borgholm_core_section_title.default\">\n\t\t\t\t<div class=\"elementor-widget-container\">\n\t\t\t<div class=\"qodef-shortcode qodef-m  qodef-section-title qodef-alignment--center   qodef-animate-special-style\">\n\t\t\t<h3 class=\"qodef-m-title\" >\n\t\t\t\t\tValpara\u00edso <span class=\"qodef-special-style\">Astrophysics<\/span> Center\t\t\t<\/h3>\n\t\t<\/div>\t\t<\/div>\n\t\t\t\t<\/div>\n\t\t\t\t<div class=\"elementor-element elementor-element-9b0538e elementor-widget elementor-widget-image\" data-id=\"9b0538e\" data-element_type=\"widget\" data-widget_type=\"image.default\">\n\t\t\t\t<div class=\"elementor-widget-container\">\n\t\t\t<style>\/*! elementor - v3.6.7 - 03-07-2022 *\/\n.elementor-widget-image{text-align:center}.elementor-widget-image a{display:inline-block}.elementor-widget-image a img[src$=\".svg\"]{width:48px}.elementor-widget-image img{vertical-align:middle;display:inline-block}<\/style>\t\t\t\t\t\t\t\t\t\t\t\t<img loading=\"lazy\" decoding=\"async\" width=\"438\" height=\"438\" src=\"https:\/\/ifa.uv.cl\/wp-content\/uploads\/2022\/05\/cav_logo.png\" class=\"attachment-large size-large\" alt=\"\" \/>\t\t\t\t\t\t\t\t\t\t\t\t\t\t\t<\/div>\n\t\t\t\t<\/div>\n\t\t\t\t<div class=\"elementor-element elementor-element-5700685 elementor-widget elementor-widget-text-editor\" data-id=\"5700685\" data-element_type=\"widget\" data-widget_type=\"text-editor.default\">\n\t\t\t\t<div class=\"elementor-widget-container\">\n\t\t\t<style>\/*! elementor - v3.6.7 - 03-07-2022 *\/\n.elementor-widget-text-editor.elementor-drop-cap-view-stacked .elementor-drop-cap{background-color:#818a91;color:#fff}.elementor-widget-text-editor.elementor-drop-cap-view-framed .elementor-drop-cap{color:#818a91;border:3px solid;background-color:transparent}.elementor-widget-text-editor:not(.elementor-drop-cap-view-default) .elementor-drop-cap{margin-top:8px}.elementor-widget-text-editor:not(.elementor-drop-cap-view-default) .elementor-drop-cap-letter{width:1em;height:1em}.elementor-widget-text-editor .elementor-drop-cap{float:left;text-align:center;line-height:1;font-size:50px}.elementor-widget-text-editor .elementor-drop-cap-letter{display:inline-block}<\/style>\t\t\t\t<p class=\"p1\"><a href=\"https:\/\/cav.uv.cl\/\" target=\"_blank\" rel=\"noopener\"><span class=\"s1\" style=\"color: #0000ff;\">www.cav.uv.cl<\/span><\/a><\/p>\t\t\t\t\t\t<\/div>\n\t\t\t\t<\/div>\n\t\t\t\t\t<\/div>\n\t\t<\/div>\n\t\t\t\t<div class=\"elementor-column elementor-col-50 elementor-top-column elementor-element elementor-element-10557c3\" data-id=\"10557c3\" data-element_type=\"column\">\n\t\t\t<div class=\"elementor-widget-wrap elementor-element-populated\">\n\t\t\t\t\t\t\t\t<div class=\"elementor-element elementor-element-f2506bd elementor-widget elementor-widget-text-editor\" data-id=\"f2506bd\" data-element_type=\"widget\" data-widget_type=\"text-editor.default\">\n\t\t\t\t<div class=\"elementor-widget-container\">\n\t\t\t\t\t\t\t<p><strong><a href=\"https:\/\/cav.uv.cl\/en\/\">Valpara\u00edso Astrophysics Center<\/a><br \/><\/strong><\/p><ul><li>Radostin Kurtev \u2013 Director<\/li><li>Ver\u00f3nica Motta \u2013 Alternate Director<\/li><li>Catalina Arcos<\/li><li>Patricia Ar\u00e9valo<\/li><li>Jura Borissova<\/li><li>Michel Cur\u00e9<\/li><li>Eduardo Ibar<\/li><li>Claus Tappert<\/li><li>Nikolaus Vogt<\/li><li>Maja Vu\u010dkovi\u0107<\/li><li>M\u00f3nica Zorotovic<\/li><\/ul>\t\t\t\t\t\t<\/div>\n\t\t\t\t<\/div>\n\t\t\t\t\t<\/div>\n\t\t<\/div>\n\t\t\t\t\t\t\t<\/div>\n\t\t<\/section>\n\t\t\t\t<section class=\"elementor-section elementor-top-section elementor-element elementor-element-5c9f64a elementor-section-boxed elementor-section-height-default elementor-section-height-default qodef-elementor-content-no\" data-id=\"5c9f64a\" data-element_type=\"section\">\n\t\t\t\t\t\t\t<div class=\"elementor-background-overlay\"><\/div>\n\t\t\t\t\t\t\t<div class=\"elementor-container elementor-column-gap-default\">\n\t\t\t\t\t<div class=\"elementor-column elementor-col-50 elementor-top-column elementor-element elementor-element-7656ca7\" data-id=\"7656ca7\" data-element_type=\"column\">\n\t\t\t<div class=\"elementor-widget-wrap elementor-element-populated\">\n\t\t\t\t\t\t\t\t<div class=\"elementor-element elementor-element-5b4a826 elementor-widget elementor-widget-borgholm_core_section_title\" data-id=\"5b4a826\" data-element_type=\"widget\" data-widget_type=\"borgholm_core_section_title.default\">\n\t\t\t\t<div class=\"elementor-widget-container\">\n\t\t\t<div class=\"qodef-shortcode qodef-m  qodef-section-title qodef-alignment--center   qodef-animate-special-style\">\n\t\t\t<h3 class=\"qodef-m-title\" >\n\t\t\t\t\tInterdisciplinary Center of <span class=\"qodef-special-style\">Atmospheric<\/span> Studies and Astrostatistics\t\t\t<\/h3>\n\t\t<\/div>\t\t<\/div>\n\t\t\t\t<\/div>\n\t\t\t\t<div class=\"elementor-element elementor-element-3fda0cf elementor-widget elementor-widget-image\" data-id=\"3fda0cf\" data-element_type=\"widget\" data-widget_type=\"image.default\">\n\t\t\t\t<div class=\"elementor-widget-container\">\n\t\t\t\t\t\t\t\t\t\t\t\t\t\t\t<img loading=\"lazy\" decoding=\"async\" width=\"390\" height=\"134\" src=\"https:\/\/ifa.uv.cl\/wp-content\/uploads\/2022\/01\/logo_ceaas_short.jpg\" class=\"attachment-large size-large\" alt=\"\" srcset=\"https:\/\/ifa.uv.cl\/wp-content\/uploads\/2022\/01\/logo_ceaas_short.jpg 390w, https:\/\/ifa.uv.cl\/wp-content\/uploads\/2022\/01\/logo_ceaas_short-300x103.jpg 300w\" sizes=\"auto, (max-width: 390px) 100vw, 390px\" \/>\t\t\t\t\t\t\t\t\t\t\t\t\t\t\t<\/div>\n\t\t\t\t<\/div>\n\t\t\t\t<div class=\"elementor-element elementor-element-7dd3c0d elementor-widget elementor-widget-text-editor\" data-id=\"7dd3c0d\" data-element_type=\"widget\" data-widget_type=\"text-editor.default\">\n\t\t\t\t<div class=\"elementor-widget-container\">\n\t\t\t\t\t\t\t<p class=\"p1\"><a href=\"http:\/\/www.ceaas.uv.cl\/index.php\/es-co\/\"><span class=\"s1\">ceaas.uv.cl<\/span><\/a><\/p>\t\t\t\t\t\t<\/div>\n\t\t\t\t<\/div>\n\t\t\t\t\t<\/div>\n\t\t<\/div>\n\t\t\t\t<div class=\"elementor-column elementor-col-50 elementor-top-column elementor-element elementor-element-cfe0718\" data-id=\"cfe0718\" data-element_type=\"column\">\n\t\t\t<div class=\"elementor-widget-wrap elementor-element-populated\">\n\t\t\t\t\t\t\t\t<div class=\"elementor-element elementor-element-5ddc62c elementor-widget elementor-widget-text-editor\" data-id=\"5ddc62c\" data-element_type=\"widget\" data-widget_type=\"text-editor.default\">\n\t\t\t\t<div class=\"elementor-widget-container\">\n\t\t\t\t\t\t\t<p><strong><a href=\"http:\/\/www.ceaas.uv.cl\/index.php\/es-co\/\">Interdisciplinary Center of Atmospheric Studies and Astrostatistics<\/a><\/strong><\/p><p>Associated IFA researchers:<\/p><ul><li>Omar Cuevas<\/li><\/ul>\t\t\t\t\t\t<\/div>\n\t\t\t\t<\/div>\n\t\t\t\t\t<\/div>\n\t\t<\/div>\n\t\t\t\t\t\t\t<\/div>\n\t\t<\/section>\n\t\t\t\t<section class=\"elementor-section elementor-top-section elementor-element elementor-element-03226a0 elementor-section-boxed elementor-section-height-default elementor-section-height-default qodef-elementor-content-no\" data-id=\"03226a0\" data-element_type=\"section\" data-settings=\"{&quot;background_background&quot;:&quot;classic&quot;}\">\n\t\t\t\t\t\t<div class=\"elementor-container elementor-column-gap-default\">\n\t\t\t\t\t<div class=\"elementor-column elementor-col-50 elementor-top-column elementor-element elementor-element-add56e6\" data-id=\"add56e6\" data-element_type=\"column\">\n\t\t\t<div class=\"elementor-widget-wrap elementor-element-populated\">\n\t\t\t\t\t\t\t\t<div class=\"elementor-element elementor-element-24faab1 elementor-widget elementor-widget-borgholm_core_section_title\" data-id=\"24faab1\" data-element_type=\"widget\" data-widget_type=\"borgholm_core_section_title.default\">\n\t\t\t\t<div class=\"elementor-widget-container\">\n\t\t\t<div class=\"qodef-shortcode qodef-m  qodef-section-title qodef-alignment--center   qodef-animate-special-style\">\n\t\t\t<h3 class=\"qodef-m-title\" >\n\t\t\t\t\tValpara\u00edso <span class=\"qodef-special-style\">Theoretical<\/span> Physics Center\t\t\t<\/h3>\n\t\t<\/div>\t\t<\/div>\n\t\t\t\t<\/div>\n\t\t\t\t<div class=\"elementor-element elementor-element-f0c258f elementor-widget elementor-widget-image\" data-id=\"f0c258f\" data-element_type=\"widget\" data-widget_type=\"image.default\">\n\t\t\t\t<div class=\"elementor-widget-container\">\n\t\t\t\t\t\t\t\t\t\t\t\t\t\t\t<img loading=\"lazy\" decoding=\"async\" width=\"1024\" height=\"948\" src=\"https:\/\/ifa.uv.cl\/wp-content\/uploads\/2025\/10\/Logo-CEFITEV-COLOR-VERTICAL-2-1024x948.png\" class=\"attachment-large size-large\" alt=\"\" srcset=\"https:\/\/ifa.uv.cl\/wp-content\/uploads\/2025\/10\/Logo-CEFITEV-COLOR-VERTICAL-2-1024x948.png 1024w, https:\/\/ifa.uv.cl\/wp-content\/uploads\/2025\/10\/Logo-CEFITEV-COLOR-VERTICAL-2-300x278.png 300w, https:\/\/ifa.uv.cl\/wp-content\/uploads\/2025\/10\/Logo-CEFITEV-COLOR-VERTICAL-2-768x711.png 768w, https:\/\/ifa.uv.cl\/wp-content\/uploads\/2025\/10\/Logo-CEFITEV-COLOR-VERTICAL-2-1536x1422.png 1536w, https:\/\/ifa.uv.cl\/wp-content\/uploads\/2025\/10\/Logo-CEFITEV-COLOR-VERTICAL-2-2048x1896.png 2048w\" sizes=\"auto, (max-width: 1024px) 100vw, 1024px\" \/>\t\t\t\t\t\t\t\t\t\t\t\t\t\t\t<\/div>\n\t\t\t\t<\/div>\n\t\t\t\t<div class=\"elementor-element elementor-element-2640579 elementor-widget elementor-widget-text-editor\" data-id=\"2640579\" data-element_type=\"widget\" data-widget_type=\"text-editor.default\">\n\t\t\t\t<div class=\"elementor-widget-container\">\n\t\t\t\t\t\t\t\t\t\t\t\t\t<\/div>\n\t\t\t\t<\/div>\n\t\t\t\t\t<\/div>\n\t\t<\/div>\n\t\t\t\t<div class=\"elementor-column elementor-col-50 elementor-top-column elementor-element elementor-element-1bbb9de\" data-id=\"1bbb9de\" data-element_type=\"column\">\n\t\t\t<div class=\"elementor-widget-wrap elementor-element-populated\">\n\t\t\t\t\t\t\t\t<div class=\"elementor-element elementor-element-dae2b1c elementor-widget elementor-widget-text-editor\" data-id=\"dae2b1c\" data-element_type=\"widget\" data-widget_type=\"text-editor.default\">\n\t\t\t\t<div class=\"elementor-widget-container\">\n\t\t\t\t\t\t\t<p><strong>Valpara\u00edso Theoretical Physics Center<br \/><\/strong><\/p><ul><li>Cristi\u00e1n Barrera \u2013 Director<\/li><li>Iv\u00e1n Gonz\u00e1lez &#8211; Alternate Director<\/li><li>Graeme Candlish<\/li><li>V\u00edctor C\u00e1rdenas<\/li><li>Marcela Gonz\u00e1lez<\/li><li>Daniela Grand\u00f3n<\/li><li>Alfredo Vega<\/li><li>Jos\u00e9 R. Villanueva<\/li><\/ul>\t\t\t\t\t\t<\/div>\n\t\t\t\t<\/div>\n\t\t\t\t\t<\/div>\n\t\t<\/div>\n\t\t\t\t\t\t\t<\/div>\n\t\t<\/section>\n\t\t\t\t<section class=\"elementor-section elementor-top-section elementor-element elementor-element-43f03b3 elementor-section-boxed elementor-section-height-default elementor-section-height-default qodef-elementor-content-no\" data-id=\"43f03b3\" data-element_type=\"section\">\n\t\t\t\t\t\t<div class=\"elementor-container elementor-column-gap-default\">\n\t\t\t\t\t<div class=\"elementor-column elementor-col-50 elementor-top-column elementor-element elementor-element-f8eac7b\" data-id=\"f8eac7b\" data-element_type=\"column\">\n\t\t\t<div class=\"elementor-widget-wrap elementor-element-populated\">\n\t\t\t\t\t\t\t\t<div class=\"elementor-element elementor-element-d4d89ab elementor-widget elementor-widget-borgholm_core_section_title\" data-id=\"d4d89ab\" data-element_type=\"widget\" data-widget_type=\"borgholm_core_section_title.default\">\n\t\t\t\t<div class=\"elementor-widget-container\">\n\t\t\t<div class=\"qodef-shortcode qodef-m  qodef-section-title qodef-alignment--center   qodef-animate-special-style\">\n\t\t\t<h3 class=\"qodef-m-title\" >\n\t\t\t\t\tInstituto Milenio of <span class=\"qodef-special-style\">Astrophysics<\/span>\t\t\t<\/h3>\n\t\t<\/div>\t\t<\/div>\n\t\t\t\t<\/div>\n\t\t\t\t<div class=\"elementor-element elementor-element-5a6242e elementor-widget elementor-widget-image\" data-id=\"5a6242e\" data-element_type=\"widget\" data-widget_type=\"image.default\">\n\t\t\t\t<div class=\"elementor-widget-container\">\n\t\t\t\t\t\t\t\t\t\t\t\t\t\t\t<img loading=\"lazy\" decoding=\"async\" width=\"300\" height=\"208\" src=\"https:\/\/ifa.uv.cl\/wp-content\/uploads\/2022\/01\/MAS_logo.jpg\" class=\"attachment-large size-large\" alt=\"\" \/>\t\t\t\t\t\t\t\t\t\t\t\t\t\t\t<\/div>\n\t\t\t\t<\/div>\n\t\t\t\t<div class=\"elementor-element elementor-element-c0252ad elementor-widget elementor-widget-text-editor\" data-id=\"c0252ad\" data-element_type=\"widget\" data-widget_type=\"text-editor.default\">\n\t\t\t\t<div class=\"elementor-widget-container\">\n\t\t\t\t\t\t\t<p class=\"p1\"><a href=\"https:\/\/www.astrofisicamas.cl\/\"><span class=\"s1\">https:\/\/www.astrofisicamas.cl\/en\/<\/span><\/a><\/p>\t\t\t\t\t\t<\/div>\n\t\t\t\t<\/div>\n\t\t\t\t\t<\/div>\n\t\t<\/div>\n\t\t\t\t<div class=\"elementor-column elementor-col-50 elementor-top-column elementor-element elementor-element-48fc39f\" data-id=\"48fc39f\" data-element_type=\"column\">\n\t\t\t<div class=\"elementor-widget-wrap elementor-element-populated\">\n\t\t\t\t\t\t\t\t<div class=\"elementor-element elementor-element-f6a2cf8 elementor-widget elementor-widget-text-editor\" data-id=\"f6a2cf8\" data-element_type=\"widget\" data-widget_type=\"text-editor.default\">\n\t\t\t\t<div class=\"elementor-widget-container\">\n\t\t\t\t\t\t\t<p><strong><a href=\"https:\/\/www.astrofisicamas.cl\/en\/\">Instituto Milenio of Astrophysics<\/a><\/strong><\/p><p>Associated IFA researchers:<\/p><ul><li>Jura Borissova<\/li><li>Radostin Kurtev<\/li><\/ul>\t\t\t\t\t\t<\/div>\n\t\t\t\t<\/div>\n\t\t\t\t\t<\/div>\n\t\t<\/div>\n\t\t\t\t\t\t\t<\/div>\n\t\t<\/section>\n\t\t\t\t<section class=\"elementor-section elementor-top-section elementor-element elementor-element-cd2956d elementor-section-boxed elementor-section-height-default elementor-section-height-default qodef-elementor-content-no\" data-id=\"cd2956d\" data-element_type=\"section\" data-settings=\"{&quot;background_background&quot;:&quot;classic&quot;}\">\n\t\t\t\t\t\t<div class=\"elementor-container elementor-column-gap-default\">\n\t\t\t\t\t<div class=\"elementor-column elementor-col-50 elementor-top-column elementor-element elementor-element-5258ac9\" data-id=\"5258ac9\" data-element_type=\"column\">\n\t\t\t<div class=\"elementor-widget-wrap elementor-element-populated\">\n\t\t\t\t\t\t\t\t<div class=\"elementor-element elementor-element-7a4c3b9 elementor-widget elementor-widget-borgholm_core_section_title\" data-id=\"7a4c3b9\" data-element_type=\"widget\" data-widget_type=\"borgholm_core_section_title.default\">\n\t\t\t\t<div class=\"elementor-widget-container\">\n\t\t\t<div class=\"qodef-shortcode qodef-m  qodef-section-title qodef-alignment--center   qodef-animate-special-style\">\n\t\t\t<h3 class=\"qodef-m-title\" >\n\t\t\t\t\tMax - Planck - <span class=\"qodef-special-style\">Gesellschaft<\/span>\t\t\t<\/h3>\n\t\t<\/div>\t\t<\/div>\n\t\t\t\t<\/div>\n\t\t\t\t<div class=\"elementor-element elementor-element-9a5ebc8 elementor-widget elementor-widget-image\" data-id=\"9a5ebc8\" data-element_type=\"widget\" data-widget_type=\"image.default\">\n\t\t\t\t<div class=\"elementor-widget-container\">\n\t\t\t\t\t\t\t\t\t\t\t\t\t\t\t<img loading=\"lazy\" decoding=\"async\" width=\"256\" height=\"204\" src=\"https:\/\/ifa.uv.cl\/wp-content\/uploads\/2022\/01\/max_planck_logo.jpg\" class=\"attachment-large size-large\" alt=\"\" \/>\t\t\t\t\t\t\t\t\t\t\t\t\t\t\t<\/div>\n\t\t\t\t<\/div>\n\t\t\t\t<div class=\"elementor-element elementor-element-e5736a4 elementor-widget elementor-widget-text-editor\" data-id=\"e5736a4\" data-element_type=\"widget\" data-widget_type=\"text-editor.default\">\n\t\t\t\t<div class=\"elementor-widget-container\">\n\t\t\t\t\t\t\t\t\t\t\t\t\t<\/div>\n\t\t\t\t<\/div>\n\t\t\t\t\t<\/div>\n\t\t<\/div>\n\t\t\t\t<div class=\"elementor-column elementor-col-50 elementor-top-column elementor-element elementor-element-3ae0773\" data-id=\"3ae0773\" data-element_type=\"column\">\n\t\t\t<div class=\"elementor-widget-wrap elementor-element-populated\">\n\t\t\t\t\t\t\t\t<div class=\"elementor-element elementor-element-9f6f325 elementor-widget elementor-widget-text-editor\" data-id=\"9f6f325\" data-element_type=\"widget\" data-widget_type=\"text-editor.default\">\n\t\t\t\t<div class=\"elementor-widget-container\">\n\t\t\t\t\t\t\t<p><strong>Max-Planck Partner Group<\/strong><\/p><ul><li>Patricia Arevalo<\/li><\/ul>\t\t\t\t\t\t<\/div>\n\t\t\t\t<\/div>\n\t\t\t\t\t<\/div>\n\t\t<\/div>\n\t\t\t\t\t\t\t<\/div>\n\t\t<\/section>\n\t\t\t\t<section class=\"elementor-section elementor-top-section elementor-element elementor-element-75e244a elementor-section-boxed elementor-section-height-default elementor-section-height-default qodef-elementor-content-no\" data-id=\"75e244a\" data-element_type=\"section\" data-settings=\"{&quot;background_background&quot;:&quot;classic&quot;}\">\n\t\t\t\t\t\t<div class=\"elementor-container elementor-column-gap-default\">\n\t\t\t\t\t<div class=\"elementor-column elementor-col-50 elementor-top-column elementor-element elementor-element-d6690c2\" data-id=\"d6690c2\" data-element_type=\"column\">\n\t\t\t<div class=\"elementor-widget-wrap elementor-element-populated\">\n\t\t\t\t\t\t\t\t<div class=\"elementor-element elementor-element-ebca773 elementor-widget elementor-widget-borgholm_core_section_title\" data-id=\"ebca773\" data-element_type=\"widget\" data-widget_type=\"borgholm_core_section_title.default\">\n\t\t\t\t<div class=\"elementor-widget-container\">\n\t\t\t<div class=\"qodef-shortcode qodef-m  qodef-section-title qodef-alignment--center   qodef-animate-special-style\">\n\t\t\t<h3 class=\"qodef-m-title\" >\n\t\t\t\t\tN\u00facleo Milenio <span class=\"qodef-special-style\">TITANS<\/span>\t\t\t<\/h3>\n\t\t<\/div>\t\t<\/div>\n\t\t\t\t<\/div>\n\t\t\t\t<div class=\"elementor-element elementor-element-be6aaf1 elementor-widget elementor-widget-image\" data-id=\"be6aaf1\" data-element_type=\"widget\" data-widget_type=\"image.default\">\n\t\t\t\t<div class=\"elementor-widget-container\">\n\t\t\t\t\t\t\t\t\t\t\t\t\t\t\t<img loading=\"lazy\" decoding=\"async\" width=\"1024\" height=\"340\" src=\"https:\/\/ifa.uv.cl\/wp-content\/uploads\/2022\/07\/logo2-1024x340.png\" class=\"attachment-large size-large\" alt=\"\" srcset=\"https:\/\/ifa.uv.cl\/wp-content\/uploads\/2022\/07\/logo2-1024x340.png 1024w, https:\/\/ifa.uv.cl\/wp-content\/uploads\/2022\/07\/logo2-300x99.png 300w, https:\/\/ifa.uv.cl\/wp-content\/uploads\/2022\/07\/logo2-768x255.png 768w, https:\/\/ifa.uv.cl\/wp-content\/uploads\/2022\/07\/logo2-1536x509.png 1536w, https:\/\/ifa.uv.cl\/wp-content\/uploads\/2022\/07\/logo2-2048x679.png 2048w\" sizes=\"auto, (max-width: 1024px) 100vw, 1024px\" \/>\t\t\t\t\t\t\t\t\t\t\t\t\t\t\t<\/div>\n\t\t\t\t<\/div>\n\t\t\t\t<div class=\"elementor-element elementor-element-fedd954 elementor-widget elementor-widget-text-editor\" data-id=\"fedd954\" data-element_type=\"widget\" data-widget_type=\"text-editor.default\">\n\t\t\t\t<div class=\"elementor-widget-container\">\n\t\t\t\t\t\t\t<p class=\"p1\"><a href=\"http:\/\/anillo_bh.astro.udec.cl\/\"><span class=\"s1\">http:\/\/www.astro.udec.cl\/titans\/<\/span><\/a><\/p>\t\t\t\t\t\t<\/div>\n\t\t\t\t<\/div>\n\t\t\t\t\t<\/div>\n\t\t<\/div>\n\t\t\t\t<div class=\"elementor-column elementor-col-50 elementor-top-column elementor-element elementor-element-18af48b\" data-id=\"18af48b\" data-element_type=\"column\">\n\t\t\t<div class=\"elementor-widget-wrap elementor-element-populated\">\n\t\t\t\t\t\t\t\t<div class=\"elementor-element elementor-element-c9f539b elementor-widget elementor-widget-text-editor\" data-id=\"c9f539b\" data-element_type=\"widget\" data-widget_type=\"text-editor.default\">\n\t\t\t\t<div class=\"elementor-widget-container\">\n\t\t\t\t\t\t\t<p><strong><a href=\"http:\/\/www.astro.udec.cl\/black_hole_anillo\/index.html\">N\u00facleo Milenio TITANS<br><\/a><\/strong><\/p>\n<p>Associated IFA researchers:<\/p>\n<ul>\n<li>Patricia Arevalo<\/li>\n<li>Lorena Hern\u00e1ndez<\/li>\n<\/ul>\t\t\t\t\t\t<\/div>\n\t\t\t\t<\/div>\n\t\t\t\t\t<\/div>\n\t\t<\/div>\n\t\t\t\t\t\t\t<\/div>\n\t\t<\/section>\n\t\t\t\t\t\t\t<\/div>\n\t\t","protected":false},"excerpt":{"rendered":"<p>Valpara\u00edso Astrophysics Center www.cav.uv.cl Valpara\u00edso Astrophysics Center Radostin Kurtev \u2013 Director Ver\u00f3nica Motta \u2013 Alternate Director Catalina Arcos Patricia Ar\u00e9valo Jura Borissova Michel Cur\u00e9 Eduardo Ibar Claus Tappert Nikolaus Vogt Maja Vu\u010dkovi\u0107 M\u00f3nica Zorotovic Interdisciplinary Center of Atmospheric Studies and Astrostatistics ceaas.uv.cl Interdisciplinary Center of Atmospheric Studies and Astrostatistics Associated IFA researchers: Omar Cuevas Valpara\u00edso [&hellip;]<\/p>\n","protected":false},"author":3,"featured_media":0,"parent":0,"menu_order":0,"comment_status":"closed","ping_status":"closed","template":"page-full-width.php","meta":{"footnotes":""},"categories":[],"tags":[],"class_list":["post-9622","page","type-page","status-publish","hentry"],"_links":{"self":[{"href":"https:\/\/ifa.uv.cl\/en\/wp-json\/wp\/v2\/pages\/9622","targetHints":{"allow":["GET"]}}],"collection":[{"href":"https:\/\/ifa.uv.cl\/en\/wp-json\/wp\/v2\/pages"}],"about":[{"href":"https:\/\/ifa.uv.cl\/en\/wp-json\/wp\/v2\/types\/page"}],"author":[{"embeddable":true,"href":"https:\/\/ifa.uv.cl\/en\/wp-json\/wp\/v2\/users\/3"}],"replies":[{"embeddable":true,"href":"https:\/\/ifa.uv.cl\/en\/wp-json\/wp\/v2\/comments?post=9622"}],"version-history":[{"count":43,"href":"https:\/\/ifa.uv.cl\/en\/wp-json\/wp\/v2\/pages\/9622\/revisions"}],"predecessor-version":[{"id":21813,"href":"https:\/\/ifa.uv.cl\/en\/wp-json\/wp\/v2\/pages\/9622\/revisions\/21813"}],"wp:attachment":[{"href":"https:\/\/ifa.uv.cl\/en\/wp-json\/wp\/v2\/media?parent=9622"}],"wp:term":[{"taxonomy":"category","embeddable":true,"href":"https:\/\/ifa.uv.cl\/en\/wp-json\/wp\/v2\/categories?post=9622"},{"taxonomy":"post_tag","embeddable":true,"href":"https:\/\/ifa.uv.cl\/en\/wp-json\/wp\/v2\/tags?post=9622"}],"curies":[{"name":"wp","href":"https:\/\/api.w.org\/{rel}","templated":true}]}}