{"id":9489,"date":"2022-05-31T23:03:47","date_gmt":"2022-05-31T23:03:47","guid":{"rendered":"https:\/\/ifa.uv.cl\/ifa-2022\/?page_id=9489"},"modified":"2022-05-31T23:06:52","modified_gmt":"2022-05-31T23:06:52","slug":"news","status":"publish","type":"page","link":"https:\/\/ifa.uv.cl\/en\/news\/","title":{"rendered":"News"},"content":{"rendered":"\t\t<div data-elementor-type=\"wp-page\" data-elementor-id=\"9489\" class=\"elementor elementor-9489\">\n\t\t\t\t\t\t\t\t\t<section class=\"elementor-section elementor-top-section elementor-element elementor-element-18db36f elementor-section-boxed elementor-section-height-default elementor-section-height-default qodef-elementor-content-no\" data-id=\"18db36f\" data-element_type=\"section\">\n\t\t\t\t\t\t<div class=\"elementor-container elementor-column-gap-default\">\n\t\t\t\t\t<div class=\"elementor-column elementor-col-100 elementor-top-column elementor-element elementor-element-8280dbc\" data-id=\"8280dbc\" data-element_type=\"column\">\n\t\t\t<div class=\"elementor-widget-wrap elementor-element-populated\">\n\t\t\t\t\t\t\t\t<div class=\"elementor-element elementor-element-b130a78 elementor-grid-eael-col-4 elementor-grid-tablet-eael-col-2 elementor-grid-mobile-eael-col-1 elementor-widget elementor-widget-eael-post-grid\" data-id=\"b130a78\" data-element_type=\"widget\" data-settings=\"{&quot;eael_post_grid_columns&quot;:&quot;eael-col-4&quot;,&quot;eael_post_grid_columns_tablet&quot;:&quot;eael-col-2&quot;,&quot;eael_post_grid_columns_mobile&quot;:&quot;eael-col-1&quot;}\" data-widget_type=\"eael-post-grid.default\">\n\t\t\t\t<div class=\"elementor-widget-container\">\n\t\t\t<div id=\"eael-post-grid-b130a78\" class=\"eael-post-grid-container\">\n            <div class=\"eael-post-grid eael-post-appender eael-post-appender-b130a78 eael-post-grid-style-default\" data-layout-mode=\"masonry\"><article class=\"eael-grid-post eael-post-grid-column\" data-id=\"22362\">\n        <div class=\"eael-grid-post-holder\">\n            <div class=\"eael-grid-post-holder-inner\"><div class=\"eael-entry-media\"><div class=\"eael-entry-overlay fade-in\"><i class=\"fas fa-long-arrow-alt-right\" aria-hidden=\"true\"><\/i><a href=\"https:\/\/ifa.uv.cl\/en\/una-oportunidad-para-proteger-los-cielos-de-chile\/\"><\/a><\/div><div class=\"eael-entry-thumbnail \">\n                <img loading=\"lazy\" decoding=\"async\" width=\"300\" height=\"300\" src=\"https:\/\/ifa.uv.cl\/wp-content\/uploads\/2025\/10\/potw1946a-300x300.jpg\" class=\"attachment-medium size-medium\" alt=\"\" srcset=\"https:\/\/ifa.uv.cl\/wp-content\/uploads\/2025\/10\/potw1946a-300x300.jpg 300w, https:\/\/ifa.uv.cl\/wp-content\/uploads\/2025\/10\/potw1946a-1024x1024.jpg 1024w, https:\/\/ifa.uv.cl\/wp-content\/uploads\/2025\/10\/potw1946a-150x150.jpg 150w, https:\/\/ifa.uv.cl\/wp-content\/uploads\/2025\/10\/potw1946a-768x768.jpg 768w, https:\/\/ifa.uv.cl\/wp-content\/uploads\/2025\/10\/potw1946a-650x650.jpg 650w, https:\/\/ifa.uv.cl\/wp-content\/uploads\/2025\/10\/potw1946a.jpg 1280w\" sizes=\"auto, (max-width: 300px) 100vw, 300px\" \/>\n            <\/div>\n        <\/div><div class=\"eael-entry-wrapper\"><header class=\"eael-entry-header\"><h2 class=\"eael-entry-title\"><a\n                        class=\"eael-grid-post-link\"\n                        href=\"https:\/\/ifa.uv.cl\/en\/una-oportunidad-para-proteger-los-cielos-de-chile\/\"\n                        title=\"Una oportunidad para proteger los cielos de Chile\">Una oportunidad para proteger los cielos de Chile<\/a><\/h2><\/header><div class=\"eael-entry-content\">\n                        <div class=\"eael-grid-post-excerpt\"><p>En esta columna, el astr\u00f3nomo del Instituto de F\u00edsica y...<\/p><a\n                            href=\"https:\/\/ifa.uv.cl\/en\/una-oportunidad-para-proteger-los-cielos-de-chile\/\"\n                            class=\"eael-post-elements-readmore-btn\">Leer m\u00e1s<\/a><\/div>\n                    <\/div><div class=\"eael-entry-footer\"><div class=\"eael-entry-meta\"><\/div><\/div><\/div><\/div>\n        <\/div>\n    <\/article><article class=\"eael-grid-post eael-post-grid-column\" data-id=\"22348\">\n        <div class=\"eael-grid-post-holder\">\n            <div class=\"eael-grid-post-holder-inner\"><div class=\"eael-entry-media\"><div class=\"eael-entry-overlay fade-in\"><i class=\"fas fa-long-arrow-alt-right\" aria-hidden=\"true\"><\/i><a href=\"https:\/\/ifa.uv.cl\/en\/ifa-uv-celebra-20-anos-de-charlas-publicas-de-astronomia-con-conferencia-sobre-el-legado-del-observatorio-vera-rubin\/\"><\/a><\/div><div class=\"eael-entry-thumbnail \">\n                <img loading=\"lazy\" decoding=\"async\" width=\"240\" height=\"300\" src=\"https:\/\/ifa.uv.cl\/wp-content\/uploads\/2026\/04\/abril-2026_RRSS-charlas-astronomia-240x300.jpg\" class=\"attachment-medium size-medium\" alt=\"\" srcset=\"https:\/\/ifa.uv.cl\/wp-content\/uploads\/2026\/04\/abril-2026_RRSS-charlas-astronomia-240x300.jpg 240w, https:\/\/ifa.uv.cl\/wp-content\/uploads\/2026\/04\/abril-2026_RRSS-charlas-astronomia-819x1024.jpg 819w, https:\/\/ifa.uv.cl\/wp-content\/uploads\/2026\/04\/abril-2026_RRSS-charlas-astronomia-768x960.jpg 768w, https:\/\/ifa.uv.cl\/wp-content\/uploads\/2026\/04\/abril-2026_RRSS-charlas-astronomia.jpg 1080w\" sizes=\"auto, (max-width: 240px) 100vw, 240px\" \/>\n            <\/div>\n        <\/div><div class=\"eael-entry-wrapper\"><header class=\"eael-entry-header\"><h2 class=\"eael-entry-title\"><a\n                        class=\"eael-grid-post-link\"\n                        href=\"https:\/\/ifa.uv.cl\/en\/ifa-uv-celebra-20-anos-de-charlas-publicas-de-astronomia-con-conferencia-sobre-el-legado-del-observatorio-vera-rubin\/\"\n                        title=\"IFA-UV celebra 20 a\u00f1os de Charlas P\u00fablicas de Astronom\u00eda con conferencia sobre el legado del Observatorio Vera\u00a0Rubin\u00a0\">IFA-UV celebra 20 a\u00f1os de Charlas P\u00fablicas de Astronom\u00eda con conferencia sobre el legado del Observatorio Vera\u00a0Rubin\u00a0<\/a><\/h2><\/header><div class=\"eael-entry-content\">\n                        <div class=\"eael-grid-post-excerpt\"><p>El IFA de la Universidad de Valpara\u00edso inicia su ciclo...<\/p><a\n                            href=\"https:\/\/ifa.uv.cl\/en\/ifa-uv-celebra-20-anos-de-charlas-publicas-de-astronomia-con-conferencia-sobre-el-legado-del-observatorio-vera-rubin\/\"\n                            class=\"eael-post-elements-readmore-btn\">Leer m\u00e1s<\/a><\/div>\n                    <\/div><div class=\"eael-entry-footer\"><div class=\"eael-entry-meta\"><\/div><\/div><\/div><\/div>\n        <\/div>\n    <\/article><article class=\"eael-grid-post eael-post-grid-column\" data-id=\"22270\">\n        <div class=\"eael-grid-post-holder\">\n            <div class=\"eael-grid-post-holder-inner\"><div class=\"eael-entry-media\"><div class=\"eael-entry-overlay fade-in\"><i class=\"fas fa-long-arrow-alt-right\" aria-hidden=\"true\"><\/i><a href=\"https:\/\/ifa.uv.cl\/en\/ifa-uv-lidera-amplia-programacion-del-dia-de-la-astronomia-en-la-region-de-valparaiso\/\"><\/a><\/div><div class=\"eael-entry-thumbnail \">\n                <img loading=\"lazy\" decoding=\"async\" width=\"225\" height=\"300\" src=\"https:\/\/ifa.uv.cl\/wp-content\/uploads\/2026\/03\/WhatsApp-Image-2026-03-12-at-15.49.26-225x300.jpeg\" class=\"attachment-medium size-medium\" alt=\"\" srcset=\"https:\/\/ifa.uv.cl\/wp-content\/uploads\/2026\/03\/WhatsApp-Image-2026-03-12-at-15.49.26-225x300.jpeg 225w, https:\/\/ifa.uv.cl\/wp-content\/uploads\/2026\/03\/WhatsApp-Image-2026-03-12-at-15.49.26-768x1024.jpeg 768w, https:\/\/ifa.uv.cl\/wp-content\/uploads\/2026\/03\/WhatsApp-Image-2026-03-12-at-15.49.26.jpeg 1013w\" sizes=\"auto, (max-width: 225px) 100vw, 225px\" \/>\n            <\/div>\n        <\/div><div class=\"eael-entry-wrapper\"><header class=\"eael-entry-header\"><h2 class=\"eael-entry-title\"><a\n                        class=\"eael-grid-post-link\"\n                        href=\"https:\/\/ifa.uv.cl\/en\/ifa-uv-lidera-amplia-programacion-del-dia-de-la-astronomia-en-la-region-de-valparaiso\/\"\n                        title=\"IFA UV lidera amplia programaci\u00f3n del D\u00eda de la Astronom\u00eda en la regi\u00f3n de Valpara\u00edso\">IFA UV lidera amplia programaci\u00f3n del D\u00eda de la Astronom\u00eda en la regi\u00f3n de Valpara\u00edso<\/a><\/h2><\/header><div class=\"eael-entry-content\">\n                        <div class=\"eael-grid-post-excerpt\"><p>Stands cient\u00edficos, talleres para docentes, m\u00fasica y cine patrimonial forman...<\/p><a\n                            href=\"https:\/\/ifa.uv.cl\/en\/ifa-uv-lidera-amplia-programacion-del-dia-de-la-astronomia-en-la-region-de-valparaiso\/\"\n                            class=\"eael-post-elements-readmore-btn\">Leer m\u00e1s<\/a><\/div>\n                    <\/div><div class=\"eael-entry-footer\"><div class=\"eael-entry-meta\"><\/div><\/div><\/div><\/div>\n        <\/div>\n    <\/article><article class=\"eael-grid-post eael-post-grid-column\" data-id=\"22247\">\n        <div class=\"eael-grid-post-holder\">\n            <div class=\"eael-grid-post-holder-inner\"><div class=\"eael-entry-media\"><div class=\"eael-entry-overlay fade-in\"><i class=\"fas fa-long-arrow-alt-right\" aria-hidden=\"true\"><\/i><a href=\"https:\/\/ifa.uv.cl\/en\/club-de-lectura-astronomica-en-verano-acerco-el-universo-a-ninas-y-ninos-en-calle-larga\/\"><\/a><\/div><div class=\"eael-entry-thumbnail \">\n                <img loading=\"lazy\" decoding=\"async\" width=\"225\" height=\"300\" src=\"https:\/\/ifa.uv.cl\/wp-content\/uploads\/2026\/03\/WhatsApp-Image-2026-02-02-at-15.07.10-225x300.jpeg\" class=\"attachment-medium size-medium\" alt=\"\" srcset=\"https:\/\/ifa.uv.cl\/wp-content\/uploads\/2026\/03\/WhatsApp-Image-2026-02-02-at-15.07.10-225x300.jpeg 225w, https:\/\/ifa.uv.cl\/wp-content\/uploads\/2026\/03\/WhatsApp-Image-2026-02-02-at-15.07.10-768x1024.jpeg 768w, https:\/\/ifa.uv.cl\/wp-content\/uploads\/2026\/03\/WhatsApp-Image-2026-02-02-at-15.07.10.jpeg 960w\" sizes=\"auto, (max-width: 225px) 100vw, 225px\" \/>\n            <\/div>\n        <\/div><div class=\"eael-entry-wrapper\"><header class=\"eael-entry-header\"><h2 class=\"eael-entry-title\"><a\n                        class=\"eael-grid-post-link\"\n                        href=\"https:\/\/ifa.uv.cl\/en\/club-de-lectura-astronomica-en-verano-acerco-el-universo-a-ninas-y-ninos-en-calle-larga\/\"\n                        title=\"Club de Lectura Astron\u00f3mica en Verano acerc\u00f3 el universo a ni\u00f1as y ni\u00f1os en Calle Larga\">Club de Lectura Astron\u00f3mica en Verano acerc\u00f3 el universo a ni\u00f1as y ni\u00f1os en Calle Larga<\/a><\/h2><\/header><div class=\"eael-entry-content\">\n                        <div class=\"eael-grid-post-excerpt\"><p>Ni\u00f1as y ni\u00f1os de 8 a 14 a\u00f1os participaron en...<\/p><a\n                            href=\"https:\/\/ifa.uv.cl\/en\/club-de-lectura-astronomica-en-verano-acerco-el-universo-a-ninas-y-ninos-en-calle-larga\/\"\n                            class=\"eael-post-elements-readmore-btn\">Leer m\u00e1s<\/a><\/div>\n                    <\/div><div class=\"eael-entry-footer\"><div class=\"eael-entry-meta\"><\/div><\/div><\/div><\/div>\n        <\/div>\n    <\/article><\/div>\n            <div class=\"clearfix\"><\/div>\n        <\/div>            <div class=\"eael-load-more-button-wrap eael-force-hide\">\n                <button class=\"eael-load-more-button\" id=\"eael-load-more-btn-b130a78\" data-widget-id=\"b130a78\" data-widget=\"b130a78\" data-page-id=\"9489\" data-nonce=\"61d6ed37be\" data-template=\"{&quot;dir&quot;:&quot;lite&quot;,&quot;file_name&quot;:&quot;default.php&quot;,&quot;name&quot;:&quot;Post-Grid&quot;}\" data-class=\"Essential_Addons_Elementor\\Elements\\Post_Grid\" data-layout=\"masonry\" data-page=\"1\" data-args=\"orderby=date&amp;order=desc&amp;ignore_sticky_posts=1&amp;post_status=publish&amp;posts_per_page=4&amp;offset=0&amp;post_type=post\" data-max-page=\"35\">\n                    <div class=\"eael-btn-loader button__loader\"><\/div>\n                    <span>Cargar m\u00e1s<\/span>\n                <\/button>\n            <\/div>\n        \t\t<\/div>\n\t\t\t\t<\/div>\n\t\t\t\t\t<\/div>\n\t\t<\/div>\n\t\t\t\t\t\t\t<\/div>\n\t\t<\/section>\n\t\t\t\t\t\t\t<\/div>\n\t\t","protected":false},"excerpt":{"rendered":"<p>Our Graduates 2022 We congratulate our graduates of the Postgraduate Master&#8217;s and Doctorate&#8230; Leer m\u00e1s Astronomers reveal the First image of the Black Hole at the heart of our Galaxy To see this news Visit our local Web Site (in&#8230; Leer m\u00e1s UV astronomers participate in a study that will use the most powerful spetrograph [&hellip;]<\/p>\n","protected":false},"author":1,"featured_media":0,"parent":0,"menu_order":0,"comment_status":"closed","ping_status":"closed","template":"","meta":{"footnotes":""},"categories":[],"tags":[],"class_list":["post-9489","page","type-page","status-publish","hentry"],"_links":{"self":[{"href":"https:\/\/ifa.uv.cl\/en\/wp-json\/wp\/v2\/pages\/9489","targetHints":{"allow":["GET"]}}],"collection":[{"href":"https:\/\/ifa.uv.cl\/en\/wp-json\/wp\/v2\/pages"}],"about":[{"href":"https:\/\/ifa.uv.cl\/en\/wp-json\/wp\/v2\/types\/page"}],"author":[{"embeddable":true,"href":"https:\/\/ifa.uv.cl\/en\/wp-json\/wp\/v2\/users\/1"}],"replies":[{"embeddable":true,"href":"https:\/\/ifa.uv.cl\/en\/wp-json\/wp\/v2\/comments?post=9489"}],"version-history":[{"count":4,"href":"https:\/\/ifa.uv.cl\/en\/wp-json\/wp\/v2\/pages\/9489\/revisions"}],"predecessor-version":[{"id":9498,"href":"https:\/\/ifa.uv.cl\/en\/wp-json\/wp\/v2\/pages\/9489\/revisions\/9498"}],"wp:attachment":[{"href":"https:\/\/ifa.uv.cl\/en\/wp-json\/wp\/v2\/media?parent=9489"}],"wp:term":[{"taxonomy":"category","embeddable":true,"href":"https:\/\/ifa.uv.cl\/en\/wp-json\/wp\/v2\/categories?post=9489"},{"taxonomy":"post_tag","embeddable":true,"href":"https:\/\/ifa.uv.cl\/en\/wp-json\/wp\/v2\/tags?post=9489"}],"curies":[{"name":"wp","href":"https:\/\/api.w.org\/{rel}","templated":true}]}}