{"id":9464,"date":"2022-05-31T21:05:30","date_gmt":"2022-05-31T21:05:30","guid":{"rendered":"https:\/\/ifa.uv.cl\/ifa-2022\/?page_id=9464"},"modified":"2023-08-22T13:38:06","modified_gmt":"2023-08-22T13:38:06","slug":"postdoctoral-researchers","status":"publish","type":"page","link":"https:\/\/ifa.uv.cl\/en\/postdoctoral-researchers\/","title":{"rendered":"Postdoctoral researchers"},"content":{"rendered":"\t\t<div data-elementor-type=\"wp-page\" data-elementor-id=\"9464\" class=\"elementor elementor-9464\">\n\t\t\t\t\t\t\t\t\t<section class=\"elementor-section elementor-top-section elementor-element elementor-element-4e619e25 elementor-section-boxed elementor-section-height-default elementor-section-height-default qodef-elementor-content-no\" data-id=\"4e619e25\" data-element_type=\"section\">\n\t\t\t\t\t\t<div class=\"elementor-container elementor-column-gap-default\">\n\t\t\t\t\t<div class=\"elementor-column elementor-col-100 elementor-top-column elementor-element elementor-element-4e19e5c9\" data-id=\"4e19e5c9\" data-element_type=\"column\">\n\t\t\t<div class=\"elementor-widget-wrap elementor-element-populated\">\n\t\t\t\t\t\t\t\t<div class=\"elementor-element elementor-element-498e0377 elementor-widget elementor-widget-heading\" data-id=\"498e0377\" data-element_type=\"widget\" data-widget_type=\"heading.default\">\n\t\t\t\t<div class=\"elementor-widget-container\">\n\t\t\t<style>\/*! elementor - v3.6.7 - 03-07-2022 *\/\n.elementor-heading-title{padding:0;margin:0;line-height:1}.elementor-widget-heading .elementor-heading-title[class*=elementor-size-]>a{color:inherit;font-size:inherit;line-height:inherit}.elementor-widget-heading .elementor-heading-title.elementor-size-small{font-size:15px}.elementor-widget-heading .elementor-heading-title.elementor-size-medium{font-size:19px}.elementor-widget-heading .elementor-heading-title.elementor-size-large{font-size:29px}.elementor-widget-heading .elementor-heading-title.elementor-size-xl{font-size:39px}.elementor-widget-heading .elementor-heading-title.elementor-size-xxl{font-size:59px}<\/style><h2 class=\"elementor-heading-title elementor-size-default\">Postdoctoral researchers<\/h2>\t\t<\/div>\n\t\t\t\t<\/div>\n\t\t\t\t\t<\/div>\n\t\t<\/div>\n\t\t\t\t\t\t\t<\/div>\n\t\t<\/section>\n\t\t\t\t<section class=\"elementor-section elementor-top-section elementor-element elementor-element-75373c4 elementor-section-boxed elementor-section-height-default elementor-section-height-default qodef-elementor-content-no\" data-id=\"75373c4\" data-element_type=\"section\">\n\t\t\t\t\t\t<div class=\"elementor-container elementor-column-gap-default\">\n\t\t\t\t\t<div class=\"elementor-column elementor-col-100 elementor-top-column elementor-element elementor-element-ee49cec\" data-id=\"ee49cec\" data-element_type=\"column\">\n\t\t\t<div class=\"elementor-widget-wrap elementor-element-populated\">\n\t\t\t\t\t\t\t\t<div class=\"elementor-element elementor-element-0123339 elementor-grid-tablet-eael-col-4 elementor-grid-mobile-eael-col-2 elementor-grid-eael-col-4 elementor-widget elementor-widget-eael-post-grid\" data-id=\"0123339\" data-element_type=\"widget\" data-settings=\"{&quot;eael_post_grid_columns_tablet&quot;:&quot;eael-col-4&quot;,&quot;eael_post_grid_columns_mobile&quot;:&quot;eael-col-2&quot;,&quot;eael_post_grid_columns&quot;:&quot;eael-col-4&quot;}\" data-widget_type=\"eael-post-grid.default\">\n\t\t\t\t<div class=\"elementor-widget-container\">\n\t\t\t<div id=\"eael-post-grid-0123339\" class=\"eael-post-grid-container\">\n            <div class=\"eael-post-grid eael-post-appender eael-post-appender-0123339 eael-post-grid-style-default\" data-layout-mode=\"grid\"><article class=\"eael-grid-post eael-post-grid-column\" data-id=\"14941\">\n        <div class=\"eael-grid-post-holder\">\n            <div class=\"eael-grid-post-holder-inner\"><div class=\"eael-entry-media\"><div class=\"eael-entry-overlay fade-in\"><i class=\"fas fa-long-arrow-alt-right\" aria-hidden=\"true\"><\/i><a href=\"https:\/\/ifa.uv.cl\/en\/investigadores\/ana-esteban-gutierrez\/\"><\/a><\/div><div class=\"eael-entry-thumbnail \">\n                <img loading=\"lazy\" decoding=\"async\" width=\"234\" height=\"300\" src=\"https:\/\/ifa.uv.cl\/wp-content\/uploads\/2023\/07\/Ana-Esteban-234x300.jpg\" class=\"attachment-medium size-medium\" alt=\"\" srcset=\"https:\/\/ifa.uv.cl\/wp-content\/uploads\/2023\/07\/Ana-Esteban-234x300.jpg 234w, https:\/\/ifa.uv.cl\/wp-content\/uploads\/2023\/07\/Ana-Esteban-799x1024.jpg 799w, https:\/\/ifa.uv.cl\/wp-content\/uploads\/2023\/07\/Ana-Esteban-768x985.jpg 768w, https:\/\/ifa.uv.cl\/wp-content\/uploads\/2023\/07\/Ana-Esteban-1198x1536.jpg 1198w, https:\/\/ifa.uv.cl\/wp-content\/uploads\/2023\/07\/Ana-Esteban-1597x2048.jpg 1597w, https:\/\/ifa.uv.cl\/wp-content\/uploads\/2023\/07\/Ana-Esteban-scaled.jpg 1997w\" sizes=\"auto, (max-width: 234px) 100vw, 234px\" \/>\n            <\/div>\n        <\/div><div class=\"eael-entry-wrapper\"><header class=\"eael-entry-header\"><h2 class=\"eael-entry-title\"><a\n                        class=\"eael-grid-post-link\"\n                        href=\"https:\/\/ifa.uv.cl\/en\/investigadores\/ana-esteban-gutierrez\/\"\n                        title=\"Ana Esteban Guti\u00e9rrez\">Ana Esteban Guti\u00e9rrez<\/a><\/h2><\/header><div class=\"eael-entry-content\">\n                        <div class=\"eael-grid-post-excerpt\"><a\n                            href=\"https:\/\/ifa.uv.cl\/en\/investigadores\/ana-esteban-gutierrez\/\"\n                            class=\"eael-post-elements-readmore-btn\">Read more<\/a><\/div>\n                    <\/div><\/div><\/div>\n        <\/div>\n    <\/article><article class=\"eael-grid-post eael-post-grid-column\" data-id=\"22179\">\n        <div class=\"eael-grid-post-holder\">\n            <div class=\"eael-grid-post-holder-inner\"><div class=\"eael-entry-media\"><div class=\"eael-entry-overlay fade-in\"><i class=\"fas fa-long-arrow-alt-right\" aria-hidden=\"true\"><\/i><a href=\"https:\/\/ifa.uv.cl\/en\/investigadores\/calum-morris\/\"><\/a><\/div><div class=\"eael-entry-thumbnail \">\n                <img loading=\"lazy\" decoding=\"async\" width=\"238\" height=\"300\" src=\"https:\/\/ifa.uv.cl\/wp-content\/uploads\/2026\/01\/calum_morris-238x300.jpg\" class=\"attachment-medium size-medium\" alt=\"\" srcset=\"https:\/\/ifa.uv.cl\/wp-content\/uploads\/2026\/01\/calum_morris-238x300.jpg 238w, https:\/\/ifa.uv.cl\/wp-content\/uploads\/2026\/01\/calum_morris.jpg 668w\" sizes=\"auto, (max-width: 238px) 100vw, 238px\" \/>\n            <\/div>\n        <\/div><div class=\"eael-entry-wrapper\"><header class=\"eael-entry-header\"><h2 class=\"eael-entry-title\"><a\n                        class=\"eael-grid-post-link\"\n                        href=\"https:\/\/ifa.uv.cl\/en\/investigadores\/calum-morris\/\"\n                        title=\"Calum Morris\">Calum Morris<\/a><\/h2><\/header><div class=\"eael-entry-content\">\n                        <div class=\"eael-grid-post-excerpt\"><a\n                            href=\"https:\/\/ifa.uv.cl\/en\/investigadores\/calum-morris\/\"\n                            class=\"eael-post-elements-readmore-btn\">Read more<\/a><\/div>\n                    <\/div><\/div><\/div>\n        <\/div>\n    <\/article><article class=\"eael-grid-post eael-post-grid-column\" data-id=\"9259\">\n        <div class=\"eael-grid-post-holder\">\n            <div class=\"eael-grid-post-holder-inner\"><div class=\"eael-entry-media\"><div class=\"eael-entry-overlay fade-in\"><i class=\"fas fa-long-arrow-alt-right\" aria-hidden=\"true\"><\/i><a href=\"https:\/\/ifa.uv.cl\/en\/investigadores\/elisson-de-almeida\/\"><\/a><\/div><div class=\"eael-entry-thumbnail \">\n                <img loading=\"lazy\" decoding=\"async\" width=\"300\" height=\"298\" src=\"https:\/\/ifa.uv.cl\/wp-content\/uploads\/2022\/05\/elisson-300x298.jpg\" class=\"attachment-medium size-medium\" alt=\"\" srcset=\"https:\/\/ifa.uv.cl\/wp-content\/uploads\/2022\/05\/elisson-300x298.jpg 300w, https:\/\/ifa.uv.cl\/wp-content\/uploads\/2022\/05\/elisson-150x150.jpg 150w, https:\/\/ifa.uv.cl\/wp-content\/uploads\/2022\/05\/elisson-768x763.jpg 768w, https:\/\/ifa.uv.cl\/wp-content\/uploads\/2022\/05\/elisson.jpg 960w\" sizes=\"auto, (max-width: 300px) 100vw, 300px\" \/>\n            <\/div>\n        <\/div><div class=\"eael-entry-wrapper\"><header class=\"eael-entry-header\"><h2 class=\"eael-entry-title\"><a\n                        class=\"eael-grid-post-link\"\n                        href=\"https:\/\/ifa.uv.cl\/en\/investigadores\/elisson-de-almeida\/\"\n                        title=\"Elisson de Almeida\">Elisson de Almeida<\/a><\/h2><\/header><div class=\"eael-entry-content\">\n                        <div class=\"eael-grid-post-excerpt\"><a\n                            href=\"https:\/\/ifa.uv.cl\/en\/investigadores\/elisson-de-almeida\/\"\n                            class=\"eael-post-elements-readmore-btn\">Read more<\/a><\/div>\n                    <\/div><\/div><\/div>\n        <\/div>\n    <\/article><article class=\"eael-grid-post eael-post-grid-column\" data-id=\"19413\">\n        <div class=\"eael-grid-post-holder\">\n            <div class=\"eael-grid-post-holder-inner\"><div class=\"eael-entry-media\"><div class=\"eael-entry-overlay fade-in\"><i class=\"fas fa-long-arrow-alt-right\" aria-hidden=\"true\"><\/i><a href=\"https:\/\/ifa.uv.cl\/en\/investigadores\/juan-calles\/\"><\/a><\/div><div class=\"eael-entry-thumbnail \">\n                <img loading=\"lazy\" decoding=\"async\" width=\"279\" height=\"300\" src=\"https:\/\/ifa.uv.cl\/wp-content\/uploads\/2024\/04\/20221002_090059-279x300.jpg\" class=\"attachment-medium size-medium\" alt=\"\" srcset=\"https:\/\/ifa.uv.cl\/wp-content\/uploads\/2024\/04\/20221002_090059-279x300.jpg 279w, https:\/\/ifa.uv.cl\/wp-content\/uploads\/2024\/04\/20221002_090059-953x1024.jpg 953w, https:\/\/ifa.uv.cl\/wp-content\/uploads\/2024\/04\/20221002_090059-768x825.jpg 768w, https:\/\/ifa.uv.cl\/wp-content\/uploads\/2024\/04\/20221002_090059.jpg 1405w\" sizes=\"auto, (max-width: 279px) 100vw, 279px\" \/>\n            <\/div>\n        <\/div><div class=\"eael-entry-wrapper\"><header class=\"eael-entry-header\"><h2 class=\"eael-entry-title\"><a\n                        class=\"eael-grid-post-link\"\n                        href=\"https:\/\/ifa.uv.cl\/en\/investigadores\/juan-calles\/\"\n                        title=\"Juan Calles\">Juan Calles<\/a><\/h2><\/header><div class=\"eael-entry-content\">\n                        <div class=\"eael-grid-post-excerpt\"><a\n                            href=\"https:\/\/ifa.uv.cl\/en\/investigadores\/juan-calles\/\"\n                            class=\"eael-post-elements-readmore-btn\">Read more<\/a><\/div>\n                    <\/div><\/div><\/div>\n        <\/div>\n    <\/article><article class=\"eael-grid-post eael-post-grid-column\" data-id=\"9268\">\n        <div class=\"eael-grid-post-holder\">\n            <div class=\"eael-grid-post-holder-inner\"><div class=\"eael-entry-media\"><div class=\"eael-entry-overlay fade-in\"><i class=\"fas fa-long-arrow-alt-right\" aria-hidden=\"true\"><\/i><a href=\"https:\/\/ifa.uv.cl\/en\/investigadores\/lorena-hernandez-garcia\/\"><\/a><\/div><div class=\"eael-entry-thumbnail \">\n                <img loading=\"lazy\" decoding=\"async\" width=\"200\" height=\"300\" src=\"https:\/\/ifa.uv.cl\/wp-content\/uploads\/2022\/05\/Lorena-Hernandez-200x300.jpg\" class=\"attachment-medium size-medium\" alt=\"\" srcset=\"https:\/\/ifa.uv.cl\/wp-content\/uploads\/2022\/05\/Lorena-Hernandez-200x300.jpg 200w, https:\/\/ifa.uv.cl\/wp-content\/uploads\/2022\/05\/Lorena-Hernandez-683x1024.jpg 683w, https:\/\/ifa.uv.cl\/wp-content\/uploads\/2022\/05\/Lorena-Hernandez-768x1152.jpg 768w, https:\/\/ifa.uv.cl\/wp-content\/uploads\/2022\/05\/Lorena-Hernandez-1024x1536.jpg 1024w, https:\/\/ifa.uv.cl\/wp-content\/uploads\/2022\/05\/Lorena-Hernandez.jpg 1365w\" sizes=\"auto, (max-width: 200px) 100vw, 200px\" \/>\n            <\/div>\n        <\/div><div class=\"eael-entry-wrapper\"><header class=\"eael-entry-header\"><h2 class=\"eael-entry-title\"><a\n                        class=\"eael-grid-post-link\"\n                        href=\"https:\/\/ifa.uv.cl\/en\/investigadores\/lorena-hernandez-garcia\/\"\n                        title=\"Lorena Hern\u00e1ndez Garc\u00eda\">Lorena Hern\u00e1ndez Garc\u00eda<\/a><\/h2><\/header><div class=\"eael-entry-content\">\n                        <div class=\"eael-grid-post-excerpt\"><a\n                            href=\"https:\/\/ifa.uv.cl\/en\/investigadores\/lorena-hernandez-garcia\/\"\n                            class=\"eael-post-elements-readmore-btn\">Read more<\/a><\/div>\n                    <\/div><\/div><\/div>\n        <\/div>\n    <\/article><article class=\"eael-grid-post eael-post-grid-column\" data-id=\"14877\">\n        <div class=\"eael-grid-post-holder\">\n            <div class=\"eael-grid-post-holder-inner\"><div class=\"eael-entry-media\"><div class=\"eael-entry-overlay fade-in\"><i class=\"fas fa-long-arrow-alt-right\" aria-hidden=\"true\"><\/i><a href=\"https:\/\/ifa.uv.cl\/en\/investigadores\/luiz-faulhaber\/\"><\/a><\/div><div class=\"eael-entry-thumbnail \">\n                <img loading=\"lazy\" decoding=\"async\" width=\"300\" height=\"277\" src=\"https:\/\/ifa.uv.cl\/wp-content\/uploads\/2023\/07\/Foto-1-300x277.png\" class=\"attachment-medium size-medium\" alt=\"\" srcset=\"https:\/\/ifa.uv.cl\/wp-content\/uploads\/2023\/07\/Foto-1-300x277.png 300w, https:\/\/ifa.uv.cl\/wp-content\/uploads\/2023\/07\/Foto-1.png 720w\" sizes=\"auto, (max-width: 300px) 100vw, 300px\" \/>\n            <\/div>\n        <\/div><div class=\"eael-entry-wrapper\"><header class=\"eael-entry-header\"><h2 class=\"eael-entry-title\"><a\n                        class=\"eael-grid-post-link\"\n                        href=\"https:\/\/ifa.uv.cl\/en\/investigadores\/luiz-faulhaber\/\"\n                        title=\"Luiz Faulhaber\">Luiz Faulhaber<\/a><\/h2><\/header><div class=\"eael-entry-content\">\n                        <div class=\"eael-grid-post-excerpt\"><a\n                            href=\"https:\/\/ifa.uv.cl\/en\/investigadores\/luiz-faulhaber\/\"\n                            class=\"eael-post-elements-readmore-btn\">Read more<\/a><\/div>\n                    <\/div><\/div><\/div>\n        <\/div>\n    <\/article><article class=\"eael-grid-post eael-post-grid-column\" data-id=\"14881\">\n        <div class=\"eael-grid-post-holder\">\n            <div class=\"eael-grid-post-holder-inner\"><div class=\"eael-entry-media\"><div class=\"eael-entry-overlay fade-in\"><i class=\"fas fa-long-arrow-alt-right\" aria-hidden=\"true\"><\/i><a href=\"https:\/\/ifa.uv.cl\/en\/investigadores\/malte-brinch\/\"><\/a><\/div><div class=\"eael-entry-thumbnail \">\n                <img loading=\"lazy\" decoding=\"async\" width=\"300\" height=\"285\" src=\"https:\/\/ifa.uv.cl\/wp-content\/uploads\/2023\/07\/DSC01199_klip-300x285.jpg\" class=\"attachment-medium size-medium\" alt=\"\" srcset=\"https:\/\/ifa.uv.cl\/wp-content\/uploads\/2023\/07\/DSC01199_klip-300x285.jpg 300w, https:\/\/ifa.uv.cl\/wp-content\/uploads\/2023\/07\/DSC01199_klip-1024x972.jpg 1024w, https:\/\/ifa.uv.cl\/wp-content\/uploads\/2023\/07\/DSC01199_klip-768x729.jpg 768w, https:\/\/ifa.uv.cl\/wp-content\/uploads\/2023\/07\/DSC01199_klip-1536x1458.jpg 1536w, https:\/\/ifa.uv.cl\/wp-content\/uploads\/2023\/07\/DSC01199_klip-2048x1943.jpg 2048w\" sizes=\"auto, (max-width: 300px) 100vw, 300px\" \/>\n            <\/div>\n        <\/div><div class=\"eael-entry-wrapper\"><header class=\"eael-entry-header\"><h2 class=\"eael-entry-title\"><a\n                        class=\"eael-grid-post-link\"\n                        href=\"https:\/\/ifa.uv.cl\/en\/investigadores\/malte-brinch\/\"\n                        title=\"Malte Brinch\">Malte Brinch<\/a><\/h2><\/header><div class=\"eael-entry-content\">\n                        <div class=\"eael-grid-post-excerpt\"><a\n                            href=\"https:\/\/ifa.uv.cl\/en\/investigadores\/malte-brinch\/\"\n                            class=\"eael-post-elements-readmore-btn\">Read more<\/a><\/div>\n                    <\/div><\/div><\/div>\n        <\/div>\n    <\/article><article class=\"eael-grid-post eael-post-grid-column\" data-id=\"15317\">\n        <div class=\"eael-grid-post-holder\">\n            <div class=\"eael-grid-post-holder-inner\"><div class=\"eael-entry-media\"><div class=\"eael-entry-overlay fade-in\"><i class=\"fas fa-long-arrow-alt-right\" aria-hidden=\"true\"><\/i><a href=\"https:\/\/ifa.uv.cl\/en\/investigadores\/tiago-souza-batista\/\"><\/a><\/div><div class=\"eael-entry-thumbnail \">\n                <img loading=\"lazy\" decoding=\"async\" width=\"261\" height=\"300\" src=\"https:\/\/ifa.uv.cl\/wp-content\/uploads\/2023\/08\/tiago-1-261x300.jpeg\" class=\"attachment-medium size-medium\" alt=\"\" srcset=\"https:\/\/ifa.uv.cl\/wp-content\/uploads\/2023\/08\/tiago-1-261x300.jpeg 261w, https:\/\/ifa.uv.cl\/wp-content\/uploads\/2023\/08\/tiago-1.jpeg 264w\" sizes=\"auto, (max-width: 261px) 100vw, 261px\" \/>\n            <\/div>\n        <\/div><div class=\"eael-entry-wrapper\"><header class=\"eael-entry-header\"><h2 class=\"eael-entry-title\"><a\n                        class=\"eael-grid-post-link\"\n                        href=\"https:\/\/ifa.uv.cl\/en\/investigadores\/tiago-souza-batista\/\"\n                        title=\"Tiago Batista Souza\">Tiago Batista Souza<\/a><\/h2><\/header><div class=\"eael-entry-content\">\n                        <div class=\"eael-grid-post-excerpt\"><a\n                            href=\"https:\/\/ifa.uv.cl\/en\/investigadores\/tiago-souza-batista\/\"\n                            class=\"eael-post-elements-readmore-btn\">Read more<\/a><\/div>\n                    <\/div><\/div><\/div>\n        <\/div>\n    <\/article><\/div>\n            <div class=\"clearfix\"><\/div>\n        <\/div>\t\t<\/div>\n\t\t\t\t<\/div>\n\t\t\t\t\t<\/div>\n\t\t<\/div>\n\t\t\t\t\t\t\t<\/div>\n\t\t<\/section>\n\t\t\t\t\t\t\t<\/div>\n\t\t","protected":false},"excerpt":{"rendered":"<p>Postdoctoral researchers Alexander Gallego Cadavid Read more Ana Esteban Guti\u00e9rrez Read more Andrea Rojas Read more Elisson de Almeida Read more Lorena Hern\u00e1ndez Garc\u00eda Read more Luiz Faulhaber Read more Mary Loli Mart\u00ednez Read more Yordanka Apostolovski Read more Zhen Guo Read more<\/p>\n","protected":false},"author":1,"featured_media":0,"parent":0,"menu_order":0,"comment_status":"closed","ping_status":"closed","template":"","meta":{"footnotes":""},"categories":[],"tags":[],"class_list":["post-9464","page","type-page","status-publish","hentry"],"_links":{"self":[{"href":"https:\/\/ifa.uv.cl\/en\/wp-json\/wp\/v2\/pages\/9464","targetHints":{"allow":["GET"]}}],"collection":[{"href":"https:\/\/ifa.uv.cl\/en\/wp-json\/wp\/v2\/pages"}],"about":[{"href":"https:\/\/ifa.uv.cl\/en\/wp-json\/wp\/v2\/types\/page"}],"author":[{"embeddable":true,"href":"https:\/\/ifa.uv.cl\/en\/wp-json\/wp\/v2\/users\/1"}],"replies":[{"embeddable":true,"href":"https:\/\/ifa.uv.cl\/en\/wp-json\/wp\/v2\/comments?post=9464"}],"version-history":[{"count":29,"href":"https:\/\/ifa.uv.cl\/en\/wp-json\/wp\/v2\/pages\/9464\/revisions"}],"predecessor-version":[{"id":15312,"href":"https:\/\/ifa.uv.cl\/en\/wp-json\/wp\/v2\/pages\/9464\/revisions\/15312"}],"wp:attachment":[{"href":"https:\/\/ifa.uv.cl\/en\/wp-json\/wp\/v2\/media?parent=9464"}],"wp:term":[{"taxonomy":"category","embeddable":true,"href":"https:\/\/ifa.uv.cl\/en\/wp-json\/wp\/v2\/categories?post=9464"},{"taxonomy":"post_tag","embeddable":true,"href":"https:\/\/ifa.uv.cl\/en\/wp-json\/wp\/v2\/tags?post=9464"}],"curies":[{"name":"wp","href":"https:\/\/api.w.org\/{rel}","templated":true}]}}