{"id":10670,"date":"2022-07-27T20:16:10","date_gmt":"2022-07-27T20:16:10","guid":{"rendered":"https:\/\/ifa.uv.cl\/ifa-2022\/?page_id=10670"},"modified":"2024-12-27T16:33:41","modified_gmt":"2024-12-27T19:33:41","slug":"theoretical-physics","status":"publish","type":"page","link":"https:\/\/ifa.uv.cl\/en\/research-areas\/theoretical-physics\/","title":{"rendered":"Theoretical Physics"},"content":{"rendered":"\t\t<div data-elementor-type=\"wp-page\" data-elementor-id=\"10670\" class=\"elementor elementor-10670\">\n\t\t\t\t\t\t\t\t\t<section class=\"elementor-section elementor-top-section elementor-element elementor-element-880b951 elementor-section-boxed elementor-section-height-default elementor-section-height-default qodef-elementor-content-no\" data-id=\"880b951\" data-element_type=\"section\">\n\t\t\t\t\t\t<div class=\"elementor-container elementor-column-gap-default\">\n\t\t\t\t\t<div class=\"elementor-column elementor-col-100 elementor-top-column elementor-element elementor-element-cddba1f\" data-id=\"cddba1f\" data-element_type=\"column\">\n\t\t\t<div class=\"elementor-widget-wrap elementor-element-populated\">\n\t\t\t\t\t\t\t\t<div class=\"elementor-element elementor-element-dbaf12d elementor-widget elementor-widget-heading\" data-id=\"dbaf12d\" data-element_type=\"widget\" data-widget_type=\"heading.default\">\n\t\t\t\t<div class=\"elementor-widget-container\">\n\t\t\t<style>\/*! elementor - v3.6.7 - 03-07-2022 *\/\n.elementor-heading-title{padding:0;margin:0;line-height:1}.elementor-widget-heading .elementor-heading-title[class*=elementor-size-]>a{color:inherit;font-size:inherit;line-height:inherit}.elementor-widget-heading .elementor-heading-title.elementor-size-small{font-size:15px}.elementor-widget-heading .elementor-heading-title.elementor-size-medium{font-size:19px}.elementor-widget-heading .elementor-heading-title.elementor-size-large{font-size:29px}.elementor-widget-heading .elementor-heading-title.elementor-size-xl{font-size:39px}.elementor-widget-heading .elementor-heading-title.elementor-size-xxl{font-size:59px}<\/style><h2 class=\"elementor-heading-title elementor-size-default\">Theoretical physics<\/h2>\t\t<\/div>\n\t\t\t\t<\/div>\n\t\t\t\t\t<\/div>\n\t\t<\/div>\n\t\t\t\t\t\t\t<\/div>\n\t\t<\/section>\n\t\t\t\t<section class=\"elementor-section elementor-top-section elementor-element elementor-element-c1c8657 elementor-section-boxed elementor-section-height-default elementor-section-height-default qodef-elementor-content-no\" data-id=\"c1c8657\" data-element_type=\"section\">\n\t\t\t\t\t\t<div class=\"elementor-container elementor-column-gap-default\">\n\t\t\t\t\t<div class=\"elementor-column elementor-col-100 elementor-top-column elementor-element elementor-element-fbc8214\" data-id=\"fbc8214\" data-element_type=\"column\">\n\t\t\t<div class=\"elementor-widget-wrap elementor-element-populated\">\n\t\t\t\t\t\t\t\t<div class=\"elementor-element elementor-element-7509681 elementor-widget-divider--view-line elementor-widget elementor-widget-divider\" data-id=\"7509681\" data-element_type=\"widget\" data-widget_type=\"divider.default\">\n\t\t\t\t<div class=\"elementor-widget-container\">\n\t\t\t<style>\/*! elementor - v3.6.7 - 03-07-2022 *\/\n.elementor-widget-divider{--divider-border-style:none;--divider-border-width:1px;--divider-color:#2c2c2c;--divider-icon-size:20px;--divider-element-spacing:10px;--divider-pattern-height:24px;--divider-pattern-size:20px;--divider-pattern-url:none;--divider-pattern-repeat:repeat-x}.elementor-widget-divider .elementor-divider{display:-webkit-box;display:-ms-flexbox;display:flex}.elementor-widget-divider .elementor-divider__text{font-size:15px;line-height:1;max-width:95%}.elementor-widget-divider .elementor-divider__element{margin:0 var(--divider-element-spacing);-ms-flex-negative:0;flex-shrink:0}.elementor-widget-divider .elementor-icon{font-size:var(--divider-icon-size)}.elementor-widget-divider .elementor-divider-separator{display:-webkit-box;display:-ms-flexbox;display:flex;margin:0;direction:ltr}.elementor-widget-divider--view-line_icon .elementor-divider-separator,.elementor-widget-divider--view-line_text .elementor-divider-separator{-webkit-box-align:center;-ms-flex-align:center;align-items:center}.elementor-widget-divider--view-line_icon .elementor-divider-separator:after,.elementor-widget-divider--view-line_icon .elementor-divider-separator:before,.elementor-widget-divider--view-line_text .elementor-divider-separator:after,.elementor-widget-divider--view-line_text .elementor-divider-separator:before{display:block;content:\"\";border-bottom:0;-webkit-box-flex:1;-ms-flex-positive:1;flex-grow:1;border-top:var(--divider-border-width) var(--divider-border-style) var(--divider-color)}.elementor-widget-divider--element-align-left .elementor-divider .elementor-divider-separator>.elementor-divider__svg:first-of-type{-webkit-box-flex:0;-ms-flex-positive:0;flex-grow:0;-ms-flex-negative:100;flex-shrink:100}.elementor-widget-divider--element-align-left .elementor-divider-separator:before{content:none}.elementor-widget-divider--element-align-left .elementor-divider__element{margin-left:0}.elementor-widget-divider--element-align-right .elementor-divider .elementor-divider-separator>.elementor-divider__svg:last-of-type{-webkit-box-flex:0;-ms-flex-positive:0;flex-grow:0;-ms-flex-negative:100;flex-shrink:100}.elementor-widget-divider--element-align-right .elementor-divider-separator:after{content:none}.elementor-widget-divider--element-align-right .elementor-divider__element{margin-right:0}.elementor-widget-divider:not(.elementor-widget-divider--view-line_text):not(.elementor-widget-divider--view-line_icon) .elementor-divider-separator{border-top:var(--divider-border-width) var(--divider-border-style) var(--divider-color)}.elementor-widget-divider--separator-type-pattern{--divider-border-style:none}.elementor-widget-divider--separator-type-pattern.elementor-widget-divider--view-line .elementor-divider-separator,.elementor-widget-divider--separator-type-pattern:not(.elementor-widget-divider--view-line) .elementor-divider-separator:after,.elementor-widget-divider--separator-type-pattern:not(.elementor-widget-divider--view-line) .elementor-divider-separator:before,.elementor-widget-divider--separator-type-pattern:not([class*=elementor-widget-divider--view]) .elementor-divider-separator{width:100%;min-height:var(--divider-pattern-height);-webkit-mask-size:var(--divider-pattern-size) 100%;mask-size:var(--divider-pattern-size) 100%;-webkit-mask-repeat:var(--divider-pattern-repeat);mask-repeat:var(--divider-pattern-repeat);background-color:var(--divider-color);-webkit-mask-image:var(--divider-pattern-url);mask-image:var(--divider-pattern-url)}.elementor-widget-divider--no-spacing{--divider-pattern-size:auto}.elementor-widget-divider--bg-round{--divider-pattern-repeat:round}.rtl .elementor-widget-divider .elementor-divider__text{direction:rtl}<\/style>\t\t<div class=\"elementor-divider\">\n\t\t\t<span class=\"elementor-divider-separator\">\n\t\t\t\t\t\t<\/span>\n\t\t<\/div>\n\t\t\t\t<\/div>\n\t\t\t\t<\/div>\n\t\t\t\t\t<\/div>\n\t\t<\/div>\n\t\t\t\t\t\t\t<\/div>\n\t\t<\/section>\n\t\t\t\t<section class=\"elementor-section elementor-top-section elementor-element elementor-element-56a7d01 elementor-section-boxed elementor-section-height-default elementor-section-height-default qodef-elementor-content-no\" data-id=\"56a7d01\" data-element_type=\"section\">\n\t\t\t\t\t\t<div class=\"elementor-container elementor-column-gap-default\">\n\t\t\t\t\t<div class=\"elementor-column elementor-col-100 elementor-top-column elementor-element elementor-element-b5c9823\" data-id=\"b5c9823\" data-element_type=\"column\">\n\t\t\t<div class=\"elementor-widget-wrap elementor-element-populated\">\n\t\t\t\t\t\t\t\t<div class=\"elementor-element elementor-element-d39cb4a elementor-widget elementor-widget-text-editor\" data-id=\"d39cb4a\" data-element_type=\"widget\" data-widget_type=\"text-editor.default\">\n\t\t\t\t<div class=\"elementor-widget-container\">\n\t\t\t<style>\/*! elementor - v3.6.7 - 03-07-2022 *\/\n.elementor-widget-text-editor.elementor-drop-cap-view-stacked .elementor-drop-cap{background-color:#818a91;color:#fff}.elementor-widget-text-editor.elementor-drop-cap-view-framed .elementor-drop-cap{color:#818a91;border:3px solid;background-color:transparent}.elementor-widget-text-editor:not(.elementor-drop-cap-view-default) .elementor-drop-cap{margin-top:8px}.elementor-widget-text-editor:not(.elementor-drop-cap-view-default) .elementor-drop-cap-letter{width:1em;height:1em}.elementor-widget-text-editor .elementor-drop-cap{float:left;text-align:center;line-height:1;font-size:50px}.elementor-widget-text-editor .elementor-drop-cap-letter{display:inline-block}<\/style>\t\t\t\t<h5><strong>Researchers<\/strong><\/h5><ul><li>Graeme Candlish: Cosmology, gravitation, galaxy evolution, numerical simulations.<\/li><li>Iv\u00e1n Gonz\u00e1lez: High-energy physics, perturbative calculations, Feynman diagrams.<\/li><li>V\u00edctor C\u00e1rdenas: Cosmology, dark matter, dark energy, inflation.<\/li><li>Alfredo Vega: High-energy physics, particle theory.<\/li><li>Jos\u00e9 Villanueva: Cosmology, inflation, dark energy, gravitation, modified gravity theories.<\/li><li>Marcela Gonz\u00e1lez: Particle physics, physics beyond the standard model, leptonic violation, and effective theories.<\/li><li>Cristian Barrera: Cosmology, gravitation, numerical simulation and scientific computing.<\/li><\/ul><div><h5><u><strong>Areas of research<br \/><\/strong><\/u><\/h5><p>The theoretical physics group of the Institute of Physics and Astronomy at the Universidad de Valpara\u00edso does research in several areas, ranging from the very small &#8211; as in the study of elementary particles &#8211; to the largest scales imagined \u2013 as is given in the study of theories of gravitation and cosmology. These complement each other, since its members work on converging themes, besides being related to astrophysics. In our institute, various topics are discussed in the following areas:<\/p><h5><strong>Cosmology<\/strong><\/h5><p>Cosmology is a rapidly developing area linking aspects of theories of gravitation, particle physics, and astrophysics. The discovery of the accelerating universe expansion and the successful detection of anisotropy and polarisation in the cosmic background radiation implies a universe where almost 96% of its content is unknown. We know that most dark matter is non-baryonic and that dark energy fills the universe to the largest observed scales. In this group, we study topics in theoretical cosmology, both at early times (inflation, reheating) and later epochs\u00a0 (dark matter and dark energy-dominated eras). We also study the constraints on alternative cosmological models, using information from galaxy clusters as observational probes, such as gravitational lensing, X-ray emission, Sunyaev-Zeldovich effect, etc. Victor Cardenas and Jose Villanueva develop theoretical models for dark matter and dark energy, testing them against a diverse set of observational data to help us better understand the features of these dark components.<\/p><h5><strong>Particle physics<\/strong><\/h5><div><p>Particle Physics aims to describe natural phenomena, considering the fundamental constituents of matter and its interactions. To date, matter is made up of quarks (that, for example, exist inside protons and neutrons) and leptons (like electrons). Said particles form different structures present in our Universe by their varied interactions. On the other side, according to our actual knowledge, the fundamental interactions responsible for all physical phenomena are four: gravity, electromagnetism, and weak and strong interactions.<\/p><p>Our Institute&#8217;s research on Particle Physics focuses on two big topics. For one side, we work on developing mathematical techniques to evaluate Feynman diagrams at high order, which are usual tools in any perturbative calculation used to study processes involving subatomic particles. Conversely, our group works in hadronic physics in the non-perturbative region using different phenomenological methods, especially those based on Gauge \/ Gravity dualities in the Bottom-Up approach and using Light Front Holography.<\/p><\/div><div><h5><strong>Gravitation<\/strong><\/h5><div>One of the areas of greatest theoretical development in contemporary physics corresponds to gravitation, in which, matter and geometry, bind to describe with amazing precision the dance of the bodies in the universe. This group does research on tests of gravitation, finite distributions of matter, and motion of particles in different spacetime, with special emphasis on contrasting the parameters of the theory with the current observational data.<\/div><\/div><\/div><div>\u00a0<\/div><div>\u00a0<\/div>\t\t\t\t\t\t<\/div>\n\t\t\t\t<\/div>\n\t\t\t\t\t<\/div>\n\t\t<\/div>\n\t\t\t\t\t\t\t<\/div>\n\t\t<\/section>\n\t\t\t\t\t\t\t<\/div>\n\t\t","protected":false},"excerpt":{"rendered":"<p>Theoretical physics Researchers Graeme Candlish: Cosmology, gravitation, galaxy evolution, numerical simulations. Iv\u00e1n Gonz\u00e1lez: High-energy physics, perturbative calculations, Feynman diagrams. V\u00edctor C\u00e1rdenas: Cosmology, dark matter, dark energy, inflation. Alfredo Vega: High-energy physics, particle theory. Jos\u00e9 Villanueva: Cosmology, inflation, dark energy, gravitation, modified gravity theories. Marcela Gonz\u00e1lez: Particle physics, physics beyond the standard model, leptonic violation, and [&hellip;]<\/p>\n","protected":false},"author":2,"featured_media":0,"parent":9189,"menu_order":0,"comment_status":"closed","ping_status":"closed","template":"","meta":{"footnotes":""},"categories":[],"tags":[],"class_list":["post-10670","page","type-page","status-publish","hentry"],"_links":{"self":[{"href":"https:\/\/ifa.uv.cl\/en\/wp-json\/wp\/v2\/pages\/10670","targetHints":{"allow":["GET"]}}],"collection":[{"href":"https:\/\/ifa.uv.cl\/en\/wp-json\/wp\/v2\/pages"}],"about":[{"href":"https:\/\/ifa.uv.cl\/en\/wp-json\/wp\/v2\/types\/page"}],"author":[{"embeddable":true,"href":"https:\/\/ifa.uv.cl\/en\/wp-json\/wp\/v2\/users\/2"}],"replies":[{"embeddable":true,"href":"https:\/\/ifa.uv.cl\/en\/wp-json\/wp\/v2\/comments?post=10670"}],"version-history":[{"count":25,"href":"https:\/\/ifa.uv.cl\/en\/wp-json\/wp\/v2\/pages\/10670\/revisions"}],"predecessor-version":[{"id":20266,"href":"https:\/\/ifa.uv.cl\/en\/wp-json\/wp\/v2\/pages\/10670\/revisions\/20266"}],"up":[{"embeddable":true,"href":"https:\/\/ifa.uv.cl\/en\/wp-json\/wp\/v2\/pages\/9189"}],"wp:attachment":[{"href":"https:\/\/ifa.uv.cl\/en\/wp-json\/wp\/v2\/media?parent=10670"}],"wp:term":[{"taxonomy":"category","embeddable":true,"href":"https:\/\/ifa.uv.cl\/en\/wp-json\/wp\/v2\/categories?post=10670"},{"taxonomy":"post_tag","embeddable":true,"href":"https:\/\/ifa.uv.cl\/en\/wp-json\/wp\/v2\/tags?post=10670"}],"curies":[{"name":"wp","href":"https:\/\/api.w.org\/{rel}","templated":true}]}}